{"id":10313,"date":"2023-09-14T17:15:28","date_gmt":"2023-09-14T15:15:28","guid":{"rendered":"https:\/\/sadirjewelry.com\/?page_id=10313"},"modified":"2024-06-06T17:53:46","modified_gmt":"2024-06-06T15:53:46","slug":"faq","status":"publish","type":"page","link":"https:\/\/sadirjewelry.com\/en\/faq\/","title":{"rendered":"FAQ"},"content":{"rendered":"<div data-elementor-type=\"wp-page\" data-elementor-id=\"10313\" class=\"elementor elementor-10313\">\n\t\t\t\t\t\t<section class=\"elementor-section elementor-top-section elementor-element elementor-element-29d9d0a elementor-section-boxed elementor-section-height-default elementor-section-height-default\" data-id=\"29d9d0a\" data-element_type=\"section\">\n\t\t\t\t\t\t<div class=\"elementor-container elementor-column-gap-default\">\n\t\t\t\t\t<div class=\"elementor-column elementor-col-100 elementor-top-column elementor-element elementor-element-17a2215\" data-id=\"17a2215\" data-element_type=\"column\">\n\t\t\t<div class=\"elementor-widget-wrap elementor-element-populated\">\n\t\t\t\t\t\t<div class=\"elementor-element elementor-element-d745217 elementor-widget elementor-widget-wl-faq\" data-id=\"d745217\" data-element_type=\"widget\" data-widget_type=\"wl-faq.default\">\n\t\t\t\t<div class=\"elementor-widget-container\">\n\t\t\t\t\t                \n            <div class=\"htwoolentor-faq htmove-icon-pos-after\" id=\"htwoolentor-faq-d745217\" data-settings=\"{&quot;showitem&quot;:false}\" >\n                                            <div class=\"htwoolentor-faq-card\">\n                                <div class=\"htwoolentor-faq-head\"><span class=\"htwoolentor-faq-head-text\">Czy mo\u017cliwy jest odbi\u00f3r osobisty (i gdzie)?<\/span> <span class=\"htwoolentor-faq-head-indicator\"><\/span><\/div>                                <div class=\"htwoolentor-faq-body\">\n                                    <div class=\"htwoolentor-faq-content\">\n                                    <p>Jasne! Moja pracownia znajduje si\u0119 przy ul Korsyka\u0144skiej 5\/21 (Stegny, Dolny Mokot\u00f3w, Warszawa). Musimy si\u0119 tylko wcze\u015bniej odpowiednio um\u00f3wi\u0107, nie zawsze jestem w domu.<\/p>                                    <\/div>\n                                <\/div>\n                            <\/div>\n                                                        <div class=\"htwoolentor-faq-card\">\n                                <div class=\"htwoolentor-faq-head\"><span class=\"htwoolentor-faq-head-text\">Czy przed zakupem mog\u0119 najpierw przyjecha\u0107 i obejrze\u0107 bi\u017cuteri\u0119?<\/span> <span class=\"htwoolentor-faq-head-indicator\"><\/span><\/div>                                <div class=\"htwoolentor-faq-body\">\n                                    <div class=\"htwoolentor-faq-content\">\n                                    <p>Zapraszam. Zawsze bardzo mi\u0142o mi spotyka\u0107 klient\u00f3w \ud83d\ude42\u00a0<\/p>                                    <\/div>\n                                <\/div>\n                            <\/div>\n                                                        <div class=\"htwoolentor-faq-card\">\n                                <div class=\"htwoolentor-faq-head\"><span class=\"htwoolentor-faq-head-text\">Jakie s\u0105 opcje i koszty wysy\u0142ki?<\/span> <span class=\"htwoolentor-faq-head-indicator\"><\/span><\/div>                                <div class=\"htwoolentor-faq-body\">\n                                    <div class=\"htwoolentor-faq-content\">\n                                    <p>Koszty zale\u017c\u0105 zawsze od przewo\u017anik\u00f3w. Na dzie\u0144 dzisiejszy (1.06.2004) wygl\u0105da to tak:<\/p><p>~inpost 16,99z\u0142<\/p><p>~orlenomat 11,99z\u0142<\/p><p>~paczka pocztowa eko 15z\u0142<\/p><p>No i oczywi\u015bcie odbi\u00f3r osobisty jest za darmo \ud83d\ude42<\/p>                                    <\/div>\n                                <\/div>\n                            <\/div>\n                                                        <div class=\"htwoolentor-faq-card\">\n                                <div class=\"htwoolentor-faq-head\"><span class=\"htwoolentor-faq-head-text\">Co oznacza 'czas realizacji X'<\/span> <span class=\"htwoolentor-faq-head-indicator\"><\/span><\/div>                                <div class=\"htwoolentor-faq-body\">\n                                    <div class=\"htwoolentor-faq-content\">\n                                    <p>Oznacza maksymaln\u0105 ilo\u015b\u0107 pe\u0142nych dni roboczych, kt\u00f3re up\u0142yn\u0105 od momentu zaksi\u0119gowania Twojego przelewu do czasu wysy\u0142ki przedmiotu.<\/p><p>Przyk\u0142adowo: Czas realizacji to 2 dni robocze.<\/p><p>1) Wp\u0142ata przychodzi do 10:00 we wtorek. Wysy\u0142ka nast\u0105pi max w \u015brod\u0119 wieczorem.\u00a0\u00a0<\/p><p>2) Wp\u0142ata przychodzi po 10:00 we wtorek. Wysy\u0142ka nast\u0105pi max w czwartek wieczorem.<\/p><p>\u00a0<\/p><p>Przy czym je\u015bli co\u015b jest gotowe od r\u0119ki, czas ten mo\u017ce si\u0119 zdecydowanie skr\u00f3ci\u0107 \ud83d\ude42<\/p><p>\u00a0<\/p>                                    <\/div>\n                                <\/div>\n                            <\/div>\n                                                        <div class=\"htwoolentor-faq-card\">\n                                <div class=\"htwoolentor-faq-head\"><span class=\"htwoolentor-faq-head-text\">Czy wykonujesz projekty w z\u0142ocie\/platynie itd?<\/span> <span class=\"htwoolentor-faq-head-indicator\"><\/span><\/div>                                <div class=\"htwoolentor-faq-body\">\n                                    <div class=\"htwoolentor-faq-content\">\n                                    <p>Nie. Tylko srebro i czasem mied\u017a\/mosi\u0105dz. Nie posiadam odpowiednich narz\u0119dzi i stanowiska do obr\u00f3bki z\u0142ota.<\/p>                                    <\/div>\n                                <\/div>\n                            <\/div>\n                                                        <div class=\"htwoolentor-faq-card\">\n                                <div class=\"htwoolentor-faq-head\"><span class=\"htwoolentor-faq-head-text\">Czy jest mo\u017cliwo\u015b\u0107 poz\u0142ocenia przedmiotu?<\/span> <span class=\"htwoolentor-faq-head-indicator\"><\/span><\/div>                                <div class=\"htwoolentor-faq-body\">\n                                    <div class=\"htwoolentor-faq-content\">\n                                    <p>W teorii tak, ale mo\u017ce by\u0107 kilka przeszk\u00f3d na drodze. Najlepiej wy\u015blij mi wiadomo\u015b\u0107 prywatn\u0105 to ustalimy co i jak.<\/p>                                    <\/div>\n                                <\/div>\n                            <\/div>\n                                                        <div class=\"htwoolentor-faq-card\">\n                                <div class=\"htwoolentor-faq-head\"><span class=\"htwoolentor-faq-head-text\">Czy masz BLIK'a?<\/span> <span class=\"htwoolentor-faq-head-indicator\"><\/span><\/div>                                <div class=\"htwoolentor-faq-body\">\n                                    <div class=\"htwoolentor-faq-content\">\n                                    <p>Nope. Tylko przelewy tradycyjne. Od biedy przyjmuj\u0119 Paypal'a, ale tam jest nak\u0142adana prowizja portalu. Natomiast mo\u017cesz zap\u0142aci\u0107 got\u00f3wk\u0105 przy odbiorze osobistym.<\/p>                                    <\/div>\n                                <\/div>\n                            <\/div>\n                                                        <div class=\"htwoolentor-faq-card\">\n                                <div class=\"htwoolentor-faq-head\"><span class=\"htwoolentor-faq-head-text\">Jak zmierz\u0119 rozmiar palca?<\/span> <span class=\"htwoolentor-faq-head-indicator\"><\/span><\/div>                                <div class=\"htwoolentor-faq-body\">\n                                    <div class=\"htwoolentor-faq-content\">\n                                    <p>Idealnie by by\u0142o uda\u0107 si\u0119 do jakiegokolwiek punktu jubilerskiego i poprosi\u0107 o pomiar (ja r\u00f3wnie\u017c mam obr\u0105czki miarowe, mo\u017cna wpa\u015b\u0107).\u00a0<\/p><p>Niestety nie zawsze jest to mo\u017cliwe. Je\u015bli masz jaki\u015b inny pier\u015bcionek- postaraj si\u0119 zmierzy\u0107 jego \u015brednic\u0119 suwmiark\u0105 od \u015brodka.\u00a0<\/p><p>Innym sposobem jest obtoczenie palca cienkim paskiem papieru i zaznaczenie jego d\u0142ugo\u015bci (jednak tu margines b\u0142\u0119du mo\u017ce by\u0107 spory).<\/p><p>Je\u015bli nie mo\u017cesz wykona\u0107 dok\u0142adnego pomiaru- napisz do mnie z pytaniem o mo\u017cliwo\u015b\u0107 umieszczenia regulacji.<\/p>                                    <\/div>\n                                <\/div>\n                            <\/div>\n                                                        <div class=\"htwoolentor-faq-card\">\n                                <div class=\"htwoolentor-faq-head\"><span class=\"htwoolentor-faq-head-text\">Czy tworzysz projekty z pomys\u0142u klienta?<\/span> <span class=\"htwoolentor-faq-head-indicator\"><\/span><\/div>                                <div class=\"htwoolentor-faq-body\">\n                                    <div class=\"htwoolentor-faq-content\">\n                                    <p>Je\u015bli tylko potrafi\u0119- jasne \ud83d\ude42 Napisz do mnie, przegadamy temat. Zawsze przed wykonaniem projektu dostaniesz ode mnie wide\u0142ki cenowe, wi\u0119c nie b\u0119dzie niespodzianki. Konsultacje s\u0105 darmowe i niezobowi\u0105zuj\u0105ce, tak\u017ce warto zaczepia\u0107 \ud83d\ude42<\/p>                                    <\/div>\n                                <\/div>\n                            <\/div>\n                                                        <div class=\"htwoolentor-faq-card\">\n                                <div class=\"htwoolentor-faq-head\"><span class=\"htwoolentor-faq-head-text\">Mam pytanie. Czy mog\u0119 si\u0119 skontaktowa\u0107 telefonicznie?<\/span> <span class=\"htwoolentor-faq-head-indicator\"><\/span><\/div>                                <div class=\"htwoolentor-faq-body\">\n                                    <div class=\"htwoolentor-faq-content\">\n                                    <p>Tak! Tylko od razu ostrzegam, \u017ce cz\u0119sto miewam wyciszone d\u017awi\u0119ki ze wzgl\u0119du na drug\u0105 prac\u0119 i mog\u0119 nie odebra\u0107. A na nieznane numery nie oddzwaniam. Tak\u017ce najch\u0119tniej jak najpierw wy\u015blesz sms'a lub whatsappa. Wtedy b\u0119d\u0119 wiedzia\u0142a \u017ceby czeka\u0107 na tel lub oddzwoni\u0107 \ud83d\ude42<\/p>                                    <\/div>\n                                <\/div>\n                            <\/div>\n                                        <\/div>\n        \t\t\t\t<\/div>\n\t\t\t\t<\/div>\n\t\t\t\t\t<\/div>\n\t\t<\/div>\n\t\t\t\t\t<\/div>\n\t\t<\/section>\n\t\t\t\t<\/div>","protected":false},"excerpt":{"rendered":"<p>Czy mo\u017cliwy jest odbi\u00f3r osobisty (i gdzie)? Jasne! Moja pracownia znajduje si\u0119 przy ul Korsyka\u0144skiej 5\/21 (Stegny, Dolny Mokot\u00f3w, Warszawa). Musimy si\u0119 tylko wcze\u015bniej odpowiednio um\u00f3wi\u0107, nie zawsze jestem w domu. Czy przed zakupem mog\u0119 najpierw przyjecha\u0107 i obejrze\u0107 bi\u017cuteri\u0119? Zapraszam. Zawsze bardzo mi\u0142o mi spotyka\u0107 klient\u00f3w \ud83d\ude42\u00a0 Jakie s\u0105 opcje i koszty wysy\u0142ki? Koszty [&hellip;]<\/p>\n","protected":false},"author":3,"featured_media":0,"parent":0,"menu_order":0,"comment_status":"closed","ping_status":"closed","template":"","meta":{"_acf_changed":false,"site-sidebar-layout":"no-sidebar","site-content-layout":"page-builder","ast-site-content-layout":"full-width-container","site-content-style":"default","site-sidebar-style":"default","ast-global-header-display":"","ast-banner-title-visibility":"","ast-main-header-display":"","ast-hfb-above-header-display":"","ast-hfb-below-header-display":"","ast-hfb-mobile-header-display":"","site-post-title":"disabled","ast-breadcrumbs-content":"","ast-featured-img":"disabled","footer-sml-layout":"","theme-transparent-header-meta":"","adv-header-id-meta":"","stick-header-meta":"","header-above-stick-meta":"","header-main-stick-meta":"","header-below-stick-meta":"","astra-migrate-meta-layouts":"set","ast-page-background-enabled":"default","ast-page-background-meta":{"desktop":{"background-color":"","background-image":"","background-repeat":"repeat","background-position":"center center","background-size":"auto","background-attachment":"scroll","background-type":"","background-media":"","overlay-type":"","overlay-color":"","overlay-opacity":"","overlay-gradient":""},"tablet":{"background-color":"","background-image":"","background-repeat":"repeat","background-position":"center center","background-size":"auto","background-attachment":"scroll","background-type":"","background-media":"","overlay-type":"","overlay-color":"","overlay-opacity":"","overlay-gradient":""},"mobile":{"background-color":"","background-image":"","background-repeat":"repeat","background-position":"center center","background-size":"auto","background-attachment":"scroll","background-type":"","background-media":"","overlay-type":"","overlay-color":"","overlay-opacity":"","overlay-gradient":""}},"ast-content-background-meta":{"desktop":{"background-color":"var(--ast-global-color-5)","background-image":"","background-repeat":"repeat","background-position":"center center","background-size":"auto","background-attachment":"scroll","background-type":"","background-media":"","overlay-type":"","overlay-color":"","overlay-opacity":"","overlay-gradient":""},"tablet":{"background-color":"var(--ast-global-color-5)","background-image":"","background-repeat":"repeat","background-position":"center center","background-size":"auto","background-attachment":"scroll","background-type":"","background-media":"","overlay-type":"","overlay-color":"","overlay-opacity":"","overlay-gradient":""},"mobile":{"background-color":"var(--ast-global-color-5)","background-image":"","background-repeat":"repeat","background-position":"center center","background-size":"auto","background-attachment":"scroll","background-type":"","background-media":"","overlay-type":"","overlay-color":"","overlay-opacity":"","overlay-gradient":""}},"footnotes":""},"class_list":["post-10313","page","type-page","status-publish","hentry"],"acf":[],"jetpack_sharing_enabled":true,"_links":{"self":[{"href":"https:\/\/sadirjewelry.com\/en\/wp-json\/wp\/v2\/pages\/10313","targetHints":{"allow":["GET"]}}],"collection":[{"href":"https:\/\/sadirjewelry.com\/en\/wp-json\/wp\/v2\/pages"}],"about":[{"href":"https:\/\/sadirjewelry.com\/en\/wp-json\/wp\/v2\/types\/page"}],"author":[{"embeddable":true,"href":"https:\/\/sadirjewelry.com\/en\/wp-json\/wp\/v2\/users\/3"}],"replies":[{"embeddable":true,"href":"https:\/\/sadirjewelry.com\/en\/wp-json\/wp\/v2\/comments?post=10313"}],"version-history":[{"count":28,"href":"https:\/\/sadirjewelry.com\/en\/wp-json\/wp\/v2\/pages\/10313\/revisions"}],"predecessor-version":[{"id":12133,"href":"https:\/\/sadirjewelry.com\/en\/wp-json\/wp\/v2\/pages\/10313\/revisions\/12133"}],"wp:attachment":[{"href":"https:\/\/sadirjewelry.com\/en\/wp-json\/wp\/v2\/media?parent=10313"}],"curies":[{"name":"wp","href":"https:\/\/api.w.org\/{rel}","templated":true}]}}