{"id":7294,"date":"2023-03-31T18:14:56","date_gmt":"2023-03-31T16:14:56","guid":{"rendered":"https:\/\/sadirjewelry.com\/?page_id=7294"},"modified":"2025-05-15T18:59:01","modified_gmt":"2025-05-15T16:59:01","slug":"polityka-prywatnosci-i-plikow-cookies","status":"publish","type":"page","link":"https:\/\/sadirjewelry.com\/en\/polityka-prywatnosci-i-plikow-cookies\/","title":{"rendered":"Polityka prywatno\u015bci"},"content":{"rendered":"<div data-elementor-type=\"wp-page\" data-elementor-id=\"7294\" class=\"elementor elementor-7294\">\n\t\t\t\t\t\t<section class=\"elementor-section elementor-top-section elementor-element elementor-element-ba9a419 elementor-section-boxed elementor-section-height-default elementor-section-height-default\" data-id=\"ba9a419\" data-element_type=\"section\" data-settings=\"{&quot;background_background&quot;:&quot;classic&quot;}\">\n\t\t\t\t\t\t<div class=\"elementor-container elementor-column-gap-default\">\n\t\t\t\t\t<div class=\"elementor-column elementor-col-100 elementor-top-column elementor-element elementor-element-3e514fc\" data-id=\"3e514fc\" data-element_type=\"column\">\n\t\t\t<div class=\"elementor-widget-wrap elementor-element-populated\">\n\t\t\t\t\t\t<div class=\"elementor-element elementor-element-6c9351d elementor-widget__width-initial elementor-widget elementor-widget-text-editor\" data-id=\"6c9351d\" data-element_type=\"widget\" data-widget_type=\"text-editor.default\">\n\t\t\t\t<div class=\"elementor-widget-container\">\n\t\t\t\t\t\t\t\t\t<h2>Polityka prywatno\u015bci i cookies<\/h2>\t\t\t\t\t\t\t\t<\/div>\n\t\t\t\t<\/div>\n\t\t\t\t\t<\/div>\n\t\t<\/div>\n\t\t\t\t\t<\/div>\n\t\t<\/section>\n\t\t\t\t<section class=\"elementor-section elementor-top-section elementor-element elementor-element-bc9db22 elementor-section-boxed elementor-section-height-default elementor-section-height-default\" data-id=\"bc9db22\" data-element_type=\"section\" data-settings=\"{&quot;background_background&quot;:&quot;classic&quot;}\">\n\t\t\t\t\t\t<div class=\"elementor-container elementor-column-gap-default\">\n\t\t\t\t\t<div class=\"elementor-column elementor-col-100 elementor-top-column elementor-element elementor-element-4591424\" data-id=\"4591424\" data-element_type=\"column\">\n\t\t\t<div class=\"elementor-widget-wrap elementor-element-populated\">\n\t\t\t\t\t\t<div class=\"elementor-element elementor-element-b26c861 elementor-widget__width-initial elementor-widget elementor-widget-text-editor\" data-id=\"b26c861\" data-element_type=\"widget\" data-widget_type=\"text-editor.default\">\n\t\t\t\t<div class=\"elementor-widget-container\">\n\t\t\t\t\t\t\t\t\t<p>Na dobry pocz\u0105tek &#8211; super, \u017ce odwiedzi\u0142e\u015b nasz\u0105 stron\u0119 <em><strong>sadirjewelry.com<\/strong><\/em> i spos\u00f3b przetwarzania przez nas Twoich danych osobowych nie jest Ci oboj\u0119tny. Poni\u017cej znajdziesz cele, podstawy prawne oraz okres przetwarzania danych osobowych wskazane odr\u0119bnie w stosunku do ka\u017cdego celu przetwarzania danych.<br \/>Na pocz\u0105tek chcemy podkre\u015bli\u0107, \u017ce Twoje dane s\u0105 z nami bezpieczne. Zapewniamy poufno\u015b\u0107 wszelkich przekazanych nam danych, chronimy je przed dost\u0119pem os\u00f3b do tego nieuprawnionych oraz podejmujemy odpowiednie \u015brodki bezpiecze\u0144stwa i ochrony danych osobowych wymaganych przez przepisy o ochronie danych osobowych.<\/p>\t\t\t\t\t\t\t\t<\/div>\n\t\t\t\t<\/div>\n\t\t\t\t\t<\/div>\n\t\t<\/div>\n\t\t\t\t\t<\/div>\n\t\t<\/section>\n\t\t\t\t<section class=\"elementor-section elementor-top-section elementor-element elementor-element-9dd19ae elementor-section-boxed elementor-section-height-default elementor-section-height-default\" data-id=\"9dd19ae\" data-element_type=\"section\" data-settings=\"{&quot;background_background&quot;:&quot;classic&quot;}\">\n\t\t\t\t\t\t<div class=\"elementor-container elementor-column-gap-default\">\n\t\t\t\t\t<div class=\"elementor-column elementor-col-100 elementor-top-column elementor-element elementor-element-55055a5\" data-id=\"55055a5\" data-element_type=\"column\">\n\t\t\t<div class=\"elementor-widget-wrap elementor-element-populated\">\n\t\t\t\t\t\t<div class=\"elementor-element elementor-element-ce22080 elementor-widget elementor-widget-text-editor\" data-id=\"ce22080\" data-element_type=\"widget\" data-widget_type=\"text-editor.default\">\n\t\t\t\t<div class=\"elementor-widget-container\">\n\t\t\t\t\t\t\t\t\t<h4>Polityka prywatno\u015bci i cookies:<\/h4><p><a href=\"https:\/\/sadirjewelry.com\/wp-content\/uploads\/2025\/05\/polityka-prywatnosci-i-cookies.pdf\" target=\"_blank\" rel=\"noopener\">Polityka-prywatno\u015bci-i-cookies<\/a><\/p>\t\t\t\t\t\t\t\t<\/div>\n\t\t\t\t<\/div>\n\t\t\t\t\t<\/div>\n\t\t<\/div>\n\t\t\t\t\t<\/div>\n\t\t<\/section>\n\t\t\t\t<\/div>","protected":false},"excerpt":{"rendered":"<p>Polityka prywatno\u015bci i cookies Na dobry pocz\u0105tek &#8211; super, \u017ce odwiedzi\u0142e\u015b nasz\u0105 stron\u0119 sadirjewelry.com i spos\u00f3b przetwarzania przez nas Twoich danych osobowych nie jest Ci oboj\u0119tny. Poni\u017cej znajdziesz cele, podstawy prawne oraz okres przetwarzania danych osobowych wskazane odr\u0119bnie w stosunku do ka\u017cdego celu przetwarzania danych.Na pocz\u0105tek chcemy podkre\u015bli\u0107, \u017ce Twoje dane s\u0105 z nami bezpieczne. [&hellip;]<\/p>\n","protected":false},"author":3,"featured_media":0,"parent":0,"menu_order":0,"comment_status":"closed","ping_status":"closed","template":"","meta":{"_acf_changed":false,"site-sidebar-layout":"no-sidebar","site-content-layout":"page-builder","ast-site-content-layout":"default","site-content-style":"default","site-sidebar-style":"default","ast-global-header-display":"","ast-banner-title-visibility":"","ast-main-header-display":"","ast-hfb-above-header-display":"","ast-hfb-below-header-display":"","ast-hfb-mobile-header-display":"","site-post-title":"disabled","ast-breadcrumbs-content":"","ast-featured-img":"disabled","footer-sml-layout":"","theme-transparent-header-meta":"","adv-header-id-meta":"","stick-header-meta":"","header-above-stick-meta":"","header-main-stick-meta":"","header-below-stick-meta":"","astra-migrate-meta-layouts":"default","ast-page-background-enabled":"default","ast-page-background-meta":{"desktop":{"background-color":"","background-image":"","background-repeat":"repeat","background-position":"center center","background-size":"auto","background-attachment":"scroll","background-type":"","background-media":"","overlay-type":"","overlay-color":"","overlay-opacity":"","overlay-gradient":""},"tablet":{"background-color":"","background-image":"","background-repeat":"repeat","background-position":"center center","background-size":"auto","background-attachment":"scroll","background-type":"","background-media":"","overlay-type":"","overlay-color":"","overlay-opacity":"","overlay-gradient":""},"mobile":{"background-color":"","background-image":"","background-repeat":"repeat","background-position":"center center","background-size":"auto","background-attachment":"scroll","background-type":"","background-media":"","overlay-type":"","overlay-color":"","overlay-opacity":"","overlay-gradient":""}},"ast-content-background-meta":{"desktop":{"background-color":"var(--ast-global-color-5)","background-image":"","background-repeat":"repeat","background-position":"center center","background-size":"auto","background-attachment":"scroll","background-type":"","background-media":"","overlay-type":"","overlay-color":"","overlay-opacity":"","overlay-gradient":""},"tablet":{"background-color":"var(--ast-global-color-5)","background-image":"","background-repeat":"repeat","background-position":"center center","background-size":"auto","background-attachment":"scroll","background-type":"","background-media":"","overlay-type":"","overlay-color":"","overlay-opacity":"","overlay-gradient":""},"mobile":{"background-color":"var(--ast-global-color-5)","background-image":"","background-repeat":"repeat","background-position":"center center","background-size":"auto","background-attachment":"scroll","background-type":"","background-media":"","overlay-type":"","overlay-color":"","overlay-opacity":"","overlay-gradient":""}},"footnotes":""},"class_list":["post-7294","page","type-page","status-publish","hentry"],"acf":[],"jetpack_sharing_enabled":true,"_links":{"self":[{"href":"https:\/\/sadirjewelry.com\/en\/wp-json\/wp\/v2\/pages\/7294","targetHints":{"allow":["GET"]}}],"collection":[{"href":"https:\/\/sadirjewelry.com\/en\/wp-json\/wp\/v2\/pages"}],"about":[{"href":"https:\/\/sadirjewelry.com\/en\/wp-json\/wp\/v2\/types\/page"}],"author":[{"embeddable":true,"href":"https:\/\/sadirjewelry.com\/en\/wp-json\/wp\/v2\/users\/3"}],"replies":[{"embeddable":true,"href":"https:\/\/sadirjewelry.com\/en\/wp-json\/wp\/v2\/comments?post=7294"}],"version-history":[{"count":81,"href":"https:\/\/sadirjewelry.com\/en\/wp-json\/wp\/v2\/pages\/7294\/revisions"}],"predecessor-version":[{"id":14518,"href":"https:\/\/sadirjewelry.com\/en\/wp-json\/wp\/v2\/pages\/7294\/revisions\/14518"}],"wp:attachment":[{"href":"https:\/\/sadirjewelry.com\/en\/wp-json\/wp\/v2\/media?parent=7294"}],"curies":[{"name":"wp","href":"https:\/\/api.w.org\/{rel}","templated":true}]}}