{"id":7436,"date":"2023-04-03T13:46:14","date_gmt":"2023-04-03T11:46:14","guid":{"rendered":"https:\/\/sadirjewelry.com\/?page_id=7436"},"modified":"2025-05-15T19:11:04","modified_gmt":"2025-05-15T17:11:04","slug":"informacje","status":"publish","type":"page","link":"https:\/\/sadirjewelry.com\/en\/informacje\/","title":{"rendered":"Informacje"},"content":{"rendered":"<div data-elementor-type=\"wp-page\" data-elementor-id=\"7436\" class=\"elementor elementor-7436\">\n\t\t\t\t\t\t<section class=\"elementor-section elementor-top-section elementor-element elementor-element-dd9d708 elementor-section-boxed elementor-section-height-default elementor-section-height-default\" data-id=\"dd9d708\" data-element_type=\"section\" data-settings=\"{&quot;background_background&quot;:&quot;classic&quot;}\">\n\t\t\t\t\t\t<div class=\"elementor-container elementor-column-gap-default\">\n\t\t\t\t\t<div class=\"elementor-column elementor-col-100 elementor-top-column elementor-element elementor-element-d5990da\" data-id=\"d5990da\" data-element_type=\"column\">\n\t\t\t<div class=\"elementor-widget-wrap elementor-element-populated\">\n\t\t\t\t\t\t<div class=\"elementor-element elementor-element-fbebfbe elementor-widget__width-initial elementor-widget elementor-widget-text-editor\" data-id=\"fbebfbe\" data-element_type=\"widget\" data-widget_type=\"text-editor.default\">\n\t\t\t\t<div class=\"elementor-widget-container\">\n\t\t\t\t\t\t\t\t\t<h2>Informacje<\/h2>\t\t\t\t\t\t\t\t<\/div>\n\t\t\t\t<\/div>\n\t\t\t\t\t<\/div>\n\t\t<\/div>\n\t\t\t\t\t<\/div>\n\t\t<\/section>\n\t\t\t\t<section class=\"elementor-section elementor-top-section elementor-element elementor-element-4cafa22 elementor-section-boxed elementor-section-height-default elementor-section-height-default\" data-id=\"4cafa22\" data-element_type=\"section\" data-settings=\"{&quot;background_background&quot;:&quot;classic&quot;}\">\n\t\t\t\t\t\t<div class=\"elementor-container elementor-column-gap-default\">\n\t\t\t\t\t<div class=\"elementor-column elementor-col-100 elementor-top-column elementor-element elementor-element-3796d35\" data-id=\"3796d35\" data-element_type=\"column\">\n\t\t\t<div class=\"elementor-widget-wrap elementor-element-populated\">\n\t\t\t\t\t\t<div class=\"elementor-element elementor-element-9b9ffa9 elementor-widget elementor-widget-text-editor\" data-id=\"9b9ffa9\" data-element_type=\"widget\" data-widget_type=\"text-editor.default\">\n\t\t\t\t<div class=\"elementor-widget-container\">\n\t\t\t\t\t\t\t\t\t<h4>Formularz odst\u0105pienia od umowy :<\/h4><p><a href=\"https:\/\/sadirjewelry.com\/wp-content\/uploads\/2025\/05\/formularz-odstapienia-od-umowy.pdf\" target=\"_blank\" rel=\"noopener\" download=\"image\">Formularz-odst\u0105pienia-od-umowy.pdf<\/a><\/p><h4>Formularz reklamacji:<\/h4><p><a href=\"https:\/\/sadirjewelry.com\/wp-content\/uploads\/2025\/05\/formularz-reklamacji.pdf\" target=\"_blank\" rel=\"noopener\" download=\"image\">Formularz-reklamacji.pdf<\/a><\/p><h4>Formularz zg\u0142oszenia przedmiotu niebezpiecznego:<\/h4><p><a href=\"https:\/\/sadirjewelry.com\/wp-content\/uploads\/2025\/05\/formularz-zgloszenia-przedmiotu-niebezpiecznego.pdf\" target=\"_blank\" rel=\"noopener\" download=\"image\">Formularz-zg\u0142oszenia-przedmiotu-niebezpiecznego.pdf<\/a><\/p><h4>RODO &#8211; kontakt telefoniczny:<\/h4><p><a href=\"https:\/\/sadirjewelry.com\/wp-content\/uploads\/2025\/05\/RODO-kontakt-telefoniczny.pdf\" target=\"_blank\" rel=\"noopener\">RODO-kontakt-telefoniczny.pdf<\/a><\/p>\t\t\t\t\t\t\t\t<\/div>\n\t\t\t\t<\/div>\n\t\t\t\t\t<\/div>\n\t\t<\/div>\n\t\t\t\t\t<\/div>\n\t\t<\/section>\n\t\t\t\t<\/div>","protected":false},"excerpt":{"rendered":"<p>Informacje Formularz odst\u0105pienia od umowy : Formularz-odst\u0105pienia-od-umowy.pdf Formularz reklamacji: Formularz-reklamacji.pdf Formularz zg\u0142oszenia przedmiotu niebezpiecznego: Formularz-zg\u0142oszenia-przedmiotu-niebezpiecznego.pdf RODO &#8211; kontakt telefoniczny: RODO-kontakt-telefoniczny.pdf<\/p>","protected":false},"author":3,"featured_media":0,"parent":0,"menu_order":0,"comment_status":"closed","ping_status":"closed","template":"","meta":{"_acf_changed":false,"site-sidebar-layout":"no-sidebar","site-content-layout":"page-builder","ast-site-content-layout":"default","site-content-style":"default","site-sidebar-style":"default","ast-global-header-display":"","ast-banner-title-visibility":"","ast-main-header-display":"","ast-hfb-above-header-display":"","ast-hfb-below-header-display":"","ast-hfb-mobile-header-display":"","site-post-title":"disabled","ast-breadcrumbs-content":"","ast-featured-img":"disabled","footer-sml-layout":"","theme-transparent-header-meta":"","adv-header-id-meta":"","stick-header-meta":"","header-above-stick-meta":"","header-main-stick-meta":"","header-below-stick-meta":"","astra-migrate-meta-layouts":"default","ast-page-background-enabled":"default","ast-page-background-meta":{"desktop":{"background-color":"","background-image":"","background-repeat":"repeat","background-position":"center center","background-size":"auto","background-attachment":"scroll","background-type":"","background-media":"","overlay-type":"","overlay-color":"","overlay-opacity":"","overlay-gradient":""},"tablet":{"background-color":"","background-image":"","background-repeat":"repeat","background-position":"center center","background-size":"auto","background-attachment":"scroll","background-type":"","background-media":"","overlay-type":"","overlay-color":"","overlay-opacity":"","overlay-gradient":""},"mobile":{"background-color":"","background-image":"","background-repeat":"repeat","background-position":"center center","background-size":"auto","background-attachment":"scroll","background-type":"","background-media":"","overlay-type":"","overlay-color":"","overlay-opacity":"","overlay-gradient":""}},"ast-content-background-meta":{"desktop":{"background-color":"var(--ast-global-color-5)","background-image":"","background-repeat":"repeat","background-position":"center center","background-size":"auto","background-attachment":"scroll","background-type":"","background-media":"","overlay-type":"","overlay-color":"","overlay-opacity":"","overlay-gradient":""},"tablet":{"background-color":"var(--ast-global-color-5)","background-image":"","background-repeat":"repeat","background-position":"center center","background-size":"auto","background-attachment":"scroll","background-type":"","background-media":"","overlay-type":"","overlay-color":"","overlay-opacity":"","overlay-gradient":""},"mobile":{"background-color":"var(--ast-global-color-5)","background-image":"","background-repeat":"repeat","background-position":"center center","background-size":"auto","background-attachment":"scroll","background-type":"","background-media":"","overlay-type":"","overlay-color":"","overlay-opacity":"","overlay-gradient":""}},"footnotes":""},"class_list":["post-7436","page","type-page","status-publish","hentry"],"acf":[],"jetpack_sharing_enabled":true,"_links":{"self":[{"href":"https:\/\/sadirjewelry.com\/en\/wp-json\/wp\/v2\/pages\/7436","targetHints":{"allow":["GET"]}}],"collection":[{"href":"https:\/\/sadirjewelry.com\/en\/wp-json\/wp\/v2\/pages"}],"about":[{"href":"https:\/\/sadirjewelry.com\/en\/wp-json\/wp\/v2\/types\/page"}],"author":[{"embeddable":true,"href":"https:\/\/sadirjewelry.com\/en\/wp-json\/wp\/v2\/users\/3"}],"replies":[{"embeddable":true,"href":"https:\/\/sadirjewelry.com\/en\/wp-json\/wp\/v2\/comments?post=7436"}],"version-history":[{"count":109,"href":"https:\/\/sadirjewelry.com\/en\/wp-json\/wp\/v2\/pages\/7436\/revisions"}],"predecessor-version":[{"id":14533,"href":"https:\/\/sadirjewelry.com\/en\/wp-json\/wp\/v2\/pages\/7436\/revisions\/14533"}],"wp:attachment":[{"href":"https:\/\/sadirjewelry.com\/en\/wp-json\/wp\/v2\/media?parent=7436"}],"curies":[{"name":"wp","href":"https:\/\/api.w.org\/{rel}","templated":true}]}}