{"id":10622,"date":"2023-10-24T23:43:56","date_gmt":"2023-10-24T21:43:56","guid":{"rendered":"https:\/\/sadirjewelry.com\/?post_type=product&#038;p=10622"},"modified":"2026-03-27T13:41:29","modified_gmt":"2026-03-27T12:41:29","slug":"potrojna-boginii","status":"publish","type":"product","link":"https:\/\/sadirjewelry.com\/en\/woolentor-template\/products\/potrojna-boginii\/","title":{"rendered":"Potr\u00f3jna Boginii &#8211; wisiorek"},"content":{"rendered":"<p>Wisior z symbolem Potr\u00f3jnej Bogini lub pro\u015bciej- z fazami ksi\u0119\u017cyca, gdzie centraln\u0105 cz\u0119\u015b\u0107, czyli pe\u0142ni\u0119, stanowi wybrany przez Ciebie minera\u0142. Do kompletu dobierzesz w sklepie r\u00f3wnie\u017c ksi\u0119\u017cycowe kolczyki w r\u00f3\u017cnych modelach, a tak\u017ce wiele obr\u0105czek i pier\u015bcieni w tym klimacie.<br \/>\nCa\u0142o\u015b\u0107 ze srebra pr\u00f3by 0,925 i 0,999.<br \/>\nJest to cz\u0119\u015b\u0107 kolekcji \u269d Pagan Witch \u269d, gdzie zaopatrzysz si\u0119 w same poga\u0144skie, ksi\u0119\u017cycowo-pentaklowe ozdoby. Symbole Potr\u00f3jnej Bogini? To tu!<\/p>\n<p>&nbsp;<\/p>\n<p>Obecnie gotowa:<\/p>\n<p>Storm Goddess- z pi\u0119knym fasetowanym iolitem (fot 1 i 2), z ty\u0142u posiada nalutowany ksi\u0119\u017cyc i wyt\u0142oczon\u0105 gwiazdk\u0119<\/p>\n<p>Przyk\u0142adowe kamienie do oprawy na ko\u0144cu galerii-\u00a0 kwarc rutylowy, kwarc czysty, labradoryt, ametyst, iolit, kamie\u0144 ksi\u0119\u017cycowy, chalcedon<br \/>\nMailowo przesy\u0142am dodatkowe zdj\u0119cia minera\u0142\u00f3w i opisy, a tak\u017ce potwierdzam dost\u0119pno\u015b\u0107.<\/p>\n<p>&nbsp;<\/p>\n<p>\u2726 Dost\u0119pny jako naszyjnik na drobnym \u0142a\u0144cuszku ze srebra o d\u0142ugo\u015bci 42cm lub jako sam wisiorek<br \/>\n\u2726 Czas oczekiwania- 6 dni roboczych<\/p>","protected":false},"excerpt":{"rendered":"<p>Wisior z symbolem Potr\u00f3jnej Bogini lub pro\u015bciej- z fazami ksi\u0119\u017cyca, gdzie centraln\u0105 cz\u0119\u015b\u0107, czyli pe\u0142ni\u0119, stanowi wybrany przez Ciebie minera\u0142. Do kompletu dobierzesz w sklepie r\u00f3wnie\u017c ksi\u0119\u017cycowe kolczyki w r\u00f3\u017cnych modelach, a tak\u017ce wiele obr\u0105czek i pier\u015bcieni w tym klimacie. Ca\u0142o\u015b\u0107 ze srebra pr\u00f3by 0,925 i 0,999. Jest to cz\u0119\u015b\u0107 kolekcji \u269d Pagan Witch \u269d, [&hellip;]<\/p>\n","protected":false},"featured_media":14755,"template":"","meta":{"_acf_changed":false,"site-sidebar-layout":"default","site-content-layout":"","ast-site-content-layout":"default","site-content-style":"default","site-sidebar-style":"default","ast-global-header-display":"","ast-banner-title-visibility":"","ast-main-header-display":"","ast-hfb-above-header-display":"","ast-hfb-below-header-display":"","ast-hfb-mobile-header-display":"","site-post-title":"","ast-breadcrumbs-content":"","ast-featured-img":"","footer-sml-layout":"","theme-transparent-header-meta":"default","adv-header-id-meta":"","stick-header-meta":"","header-above-stick-meta":"","header-main-stick-meta":"","header-below-stick-meta":"","astra-migrate-meta-layouts":"set","ast-page-background-enabled":"default","ast-page-background-meta":{"desktop":{"background-color":"","background-image":"","background-repeat":"repeat","background-position":"center center","background-size":"auto","background-attachment":"scroll","background-type":"","background-media":"","overlay-type":"","overlay-color":"","overlay-opacity":"","overlay-gradient":""},"tablet":{"background-color":"","background-image":"","background-repeat":"repeat","background-position":"center center","background-size":"auto","background-attachment":"scroll","background-type":"","background-media":"","overlay-type":"","overlay-color":"","overlay-opacity":"","overlay-gradient":""},"mobile":{"background-color":"","background-image":"","background-repeat":"repeat","background-position":"center center","background-size":"auto","background-attachment":"scroll","background-type":"","background-media":"","overlay-type":"","overlay-color":"","overlay-opacity":"","overlay-gradient":""}},"ast-content-background-meta":{"desktop":{"background-color":"var(--ast-global-color-5)","background-image":"","background-repeat":"repeat","background-position":"center center","background-size":"auto","background-attachment":"scroll","background-type":"","background-media":"","overlay-type":"","overlay-color":"","overlay-opacity":"","overlay-gradient":""},"tablet":{"background-color":"var(--ast-global-color-5)","background-image":"","background-repeat":"repeat","background-position":"center center","background-size":"auto","background-attachment":"scroll","background-type":"","background-media":"","overlay-type":"","overlay-color":"","overlay-opacity":"","overlay-gradient":""},"mobile":{"background-color":"var(--ast-global-color-5)","background-image":"","background-repeat":"repeat","background-position":"center center","background-size":"auto","background-attachment":"scroll","background-type":"","background-media":"","overlay-type":"","overlay-color":"","overlay-opacity":"","overlay-gradient":""}}},"product_brand":[],"product_cat":[59,156],"product_tag":[],"class_list":{"0":"post-10622","1":"product","2":"type-product","3":"status-publish","4":"has-post-thumbnail","6":"product_cat-naszyjniki-i-wisiorki","7":"product_cat-pagan-witch","8":"desktop-align-center","9":"tablet-align-left","10":"mobile-align-left","12":"first","13":"outofstock","14":"shipping-taxable","15":"purchasable","16":"product-type-variable"},"acf":[],"jetpack_sharing_enabled":true,"_links":{"self":[{"href":"https:\/\/sadirjewelry.com\/en\/wp-json\/wp\/v2\/product\/10622","targetHints":{"allow":["GET"]}}],"collection":[{"href":"https:\/\/sadirjewelry.com\/en\/wp-json\/wp\/v2\/product"}],"about":[{"href":"https:\/\/sadirjewelry.com\/en\/wp-json\/wp\/v2\/types\/product"}],"version-history":[{"count":15,"href":"https:\/\/sadirjewelry.com\/en\/wp-json\/wp\/v2\/product\/10622\/revisions"}],"predecessor-version":[{"id":15888,"href":"https:\/\/sadirjewelry.com\/en\/wp-json\/wp\/v2\/product\/10622\/revisions\/15888"}],"wp:featuredmedia":[{"embeddable":true,"href":"https:\/\/sadirjewelry.com\/en\/wp-json\/wp\/v2\/media\/14755"}],"wp:attachment":[{"href":"https:\/\/sadirjewelry.com\/en\/wp-json\/wp\/v2\/media?parent=10622"}],"wp:term":[{"taxonomy":"product_brand","embeddable":true,"href":"https:\/\/sadirjewelry.com\/en\/wp-json\/wp\/v2\/product_brand?post=10622"},{"taxonomy":"product_cat","embeddable":true,"href":"https:\/\/sadirjewelry.com\/en\/wp-json\/wp\/v2\/product_cat?post=10622"},{"taxonomy":"product_tag","embeddable":true,"href":"https:\/\/sadirjewelry.com\/en\/wp-json\/wp\/v2\/product_tag?post=10622"}],"curies":[{"name":"wp","href":"https:\/\/api.w.org\/{rel}","templated":true}]}}