{"id":11298,"date":"2024-04-14T19:08:23","date_gmt":"2024-04-14T17:08:23","guid":{"rendered":"https:\/\/sadirjewelry.com\/?post_type=product&#038;p=11298"},"modified":"2026-03-29T12:48:58","modified_gmt":"2026-03-29T10:48:58","slug":"heart-of","status":"publish","type":"product","link":"https:\/\/sadirjewelry.com\/en\/woolentor-template\/products\/heart-of\/","title":{"rendered":"Lilith &#8211; naszyjnik"},"content":{"rendered":"<p>Du\u017cy, \u015bliczny wisiorek z florystycznym motywem zawijas\u00f3w i centralnie u\u0142o\u017conym kamieniem do wyboru.<\/p>\n<p>Wykonany w ca\u0142o\u015bci ze srebra pr\u00f3by 0,925 i 0,999.<\/p>\n<p>Jest cz\u0119\u015bci\u0105 kolekcji \u2727 Heirlooms \u2727 gdzie znajdziesz projekty z unikalnymi kamieniami i o fantazyjnych, ekstrawaganckich formach.<\/p>\n<p>&nbsp;<\/p>\n<p>Obecnie dost\u0119pny:<\/p>\n<p>Queen of Blood &#8211; z owalnym, czerwonym kaboszonem z granatu naturalnego (krwisty, wyrazisty kolor, foto)<\/p>\n<p>&nbsp;<\/p>\n<p>Przyk\u0142adowe kamienie do oprawy na ko\u0144cu galerii- chalcedon, labradoryt, rubin, szafir, agat mszysty<\/p>\n<p>Mailowo przesy\u0142am dodatkowe zdj\u0119cia minera\u0142\u00f3w i opisy, a tak\u017ce potwierdzam dost\u0119pno\u015b\u0107<\/p>\n<p>&nbsp;<\/p>\n<p>&nbsp;<\/p>\n<p>\u2726 Element bez krawatki to ok 34mm<\/p>\n<p>\u2726 Jako naszyjnik ze srebrnym grubszym \u0142a\u0144cuszkiem 42cm lub jako sam wisiorek<\/p>\n<p>\u2726 Czas oczekiwania 10 dni roboczych<\/p>","protected":false},"excerpt":{"rendered":"<p>Du\u017cy, \u015bliczny wisiorek z florystycznym motywem zawijas\u00f3w i centralnie u\u0142o\u017conym kamieniem do wyboru. Wykonany w ca\u0142o\u015bci ze srebra pr\u00f3by 0,925 i 0,999. Jest cz\u0119\u015bci\u0105 kolekcji \u2727 Heirlooms \u2727 gdzie znajdziesz projekty z unikalnymi kamieniami i o fantazyjnych, ekstrawaganckich formach. &nbsp; Obecnie dost\u0119pny: Queen of Blood &#8211; z owalnym, czerwonym kaboszonem z granatu naturalnego (krwisty, wyrazisty [&hellip;]<\/p>\n","protected":false},"featured_media":14769,"template":"","meta":{"_acf_changed":false,"site-sidebar-layout":"default","site-content-layout":"","ast-site-content-layout":"default","site-content-style":"default","site-sidebar-style":"default","ast-global-header-display":"","ast-banner-title-visibility":"","ast-main-header-display":"","ast-hfb-above-header-display":"","ast-hfb-below-header-display":"","ast-hfb-mobile-header-display":"","site-post-title":"","ast-breadcrumbs-content":"","ast-featured-img":"","footer-sml-layout":"","theme-transparent-header-meta":"default","adv-header-id-meta":"","stick-header-meta":"","header-above-stick-meta":"","header-main-stick-meta":"","header-below-stick-meta":"","astra-migrate-meta-layouts":"set","ast-page-background-enabled":"default","ast-page-background-meta":{"desktop":{"background-color":"","background-image":"","background-repeat":"repeat","background-position":"center center","background-size":"auto","background-attachment":"scroll","background-type":"","background-media":"","overlay-type":"","overlay-color":"","overlay-opacity":"","overlay-gradient":""},"tablet":{"background-color":"","background-image":"","background-repeat":"repeat","background-position":"center center","background-size":"auto","background-attachment":"scroll","background-type":"","background-media":"","overlay-type":"","overlay-color":"","overlay-opacity":"","overlay-gradient":""},"mobile":{"background-color":"","background-image":"","background-repeat":"repeat","background-position":"center center","background-size":"auto","background-attachment":"scroll","background-type":"","background-media":"","overlay-type":"","overlay-color":"","overlay-opacity":"","overlay-gradient":""}},"ast-content-background-meta":{"desktop":{"background-color":"var(--ast-global-color-5)","background-image":"","background-repeat":"repeat","background-position":"center center","background-size":"auto","background-attachment":"scroll","background-type":"","background-media":"","overlay-type":"","overlay-color":"","overlay-opacity":"","overlay-gradient":""},"tablet":{"background-color":"var(--ast-global-color-5)","background-image":"","background-repeat":"repeat","background-position":"center center","background-size":"auto","background-attachment":"scroll","background-type":"","background-media":"","overlay-type":"","overlay-color":"","overlay-opacity":"","overlay-gradient":""},"mobile":{"background-color":"var(--ast-global-color-5)","background-image":"","background-repeat":"repeat","background-position":"center center","background-size":"auto","background-attachment":"scroll","background-type":"","background-media":"","overlay-type":"","overlay-color":"","overlay-opacity":"","overlay-gradient":""}}},"product_brand":[],"product_cat":[158,59],"product_tag":[],"class_list":{"0":"post-11298","1":"product","2":"type-product","3":"status-publish","4":"has-post-thumbnail","6":"product_cat-heirlooms","7":"product_cat-naszyjniki-i-wisiorki","8":"desktop-align-center","9":"tablet-align-left","10":"mobile-align-left","12":"first","13":"outofstock","14":"sold-individually","15":"shipping-taxable","16":"purchasable","17":"product-type-variable"},"acf":[],"jetpack_sharing_enabled":true,"_links":{"self":[{"href":"https:\/\/sadirjewelry.com\/en\/wp-json\/wp\/v2\/product\/11298","targetHints":{"allow":["GET"]}}],"collection":[{"href":"https:\/\/sadirjewelry.com\/en\/wp-json\/wp\/v2\/product"}],"about":[{"href":"https:\/\/sadirjewelry.com\/en\/wp-json\/wp\/v2\/types\/product"}],"version-history":[{"count":10,"href":"https:\/\/sadirjewelry.com\/en\/wp-json\/wp\/v2\/product\/11298\/revisions"}],"predecessor-version":[{"id":15413,"href":"https:\/\/sadirjewelry.com\/en\/wp-json\/wp\/v2\/product\/11298\/revisions\/15413"}],"wp:featuredmedia":[{"embeddable":true,"href":"https:\/\/sadirjewelry.com\/en\/wp-json\/wp\/v2\/media\/14769"}],"wp:attachment":[{"href":"https:\/\/sadirjewelry.com\/en\/wp-json\/wp\/v2\/media?parent=11298"}],"wp:term":[{"taxonomy":"product_brand","embeddable":true,"href":"https:\/\/sadirjewelry.com\/en\/wp-json\/wp\/v2\/product_brand?post=11298"},{"taxonomy":"product_cat","embeddable":true,"href":"https:\/\/sadirjewelry.com\/en\/wp-json\/wp\/v2\/product_cat?post=11298"},{"taxonomy":"product_tag","embeddable":true,"href":"https:\/\/sadirjewelry.com\/en\/wp-json\/wp\/v2\/product_tag?post=11298"}],"curies":[{"name":"wp","href":"https:\/\/api.w.org\/{rel}","templated":true}]}}