{"id":11956,"date":"2024-06-03T21:30:19","date_gmt":"2024-06-03T19:30:19","guid":{"rendered":"https:\/\/sadirjewelry.com\/?post_type=product&#038;p=11956"},"modified":"2026-02-09T15:57:56","modified_gmt":"2026-02-09T14:57:56","slug":"rytual-kropli-wisiorek","status":"publish","type":"product","link":"https:\/\/sadirjewelry.com\/en\/woolentor-template\/products\/rytual-kropli-wisiorek\/","title":{"rendered":"Ksi\u0119\u017cycowy Pentakl z Kropl\u0105: Deszczowa Kropla &#8211; wisiorek"},"content":{"rendered":"<div class=\"elementor-element elementor-element-3ced323e elementor-widget elementor-widget-wl-single-product-description\" data-id=\"3ced323e\" data-element_type=\"widget\" data-widget_type=\"wl-single-product-description.default\">\n<div class=\"elementor-widget-container\">\n<div class=\"woocommerce_product_description\">\n<p class=\"Standard\">Wicca\u0144ska zawieszka z motywem Potr\u00f3jnej Bogini z centralnie u\u0142o\u017conym pentaklem bia\u0142ym. Ten model ma podwieszon\u0105 u do\u0142u kropelk\u0119 z wybranego przez Ciebie minera\u0142u.<\/p>\n<p class=\"Standard\">Do kompletu polecam dobra\u0107 drobne kolczyki Ksi\u0119\u017cyc\u00f3wki lub pier\u015bcionek z tym samym motywem.<\/p>\n<p class=\"Standard\">Ca\u0142o\u015b\u0107 ze srebra pr\u00f3by 0,925 i 0,999.<\/p>\n<p><span class=\"ast-woo-product-category\">Zawieszki s\u0105 cz\u0119\u015bci\u0105 kolekcji \u269d Pagan Witch \u269d, gdzie zaopatrzysz si\u0119 w same poga\u0144skie, ksi\u0119\u017cycowo-pentaklowe ozdoby. Symbole Potr\u00f3jnej Bogini? To tu!\u00a0<\/span><\/p>\n<p class=\"Standard\">\n<\/div>\n<\/div>\n<\/div>\n<p>&nbsp;<\/p>\n<p>Dost\u0119pna JEDNA SZTUKA<\/p>\n<p>Deszczowa Kropla<\/p>\n<p>&nbsp;<\/p>\n<p>\u2726 Wielko\u015b\u0107 zawieszki bez krawatki z kamieniem to ok 32-37mm w zale\u017cno\u015bci od wybranej kropelki<\/p>\n<p>\u2726 Dost\u0119pny jako wisior lub na drobnym \u0142a\u0144cuszku ze srebra d\u0142ugo\u015bci 42cm<\/p>\n<div class=\"elementor-element elementor-element-3ced323e elementor-widget elementor-widget-wl-single-product-description\" data-id=\"3ced323e\" data-element_type=\"widget\" data-widget_type=\"wl-single-product-description.default\">\n<div class=\"elementor-widget-container\">\n<div class=\"woocommerce_product_description\">\n<p>\u2726Czas oczekiwania- 3 dni robocze<\/p>\n<\/div>\n<\/div>\n<\/div>","protected":false},"excerpt":{"rendered":"<p>Wicca\u0144ska zawieszka z motywem Potr\u00f3jnej Bogini z centralnie u\u0142o\u017conym pentaklem bia\u0142ym. Ten model ma podwieszon\u0105 u do\u0142u kropelk\u0119 z wybranego przez Ciebie minera\u0142u. Do kompletu polecam dobra\u0107 drobne kolczyki Ksi\u0119\u017cyc\u00f3wki lub pier\u015bcionek z tym samym motywem. Ca\u0142o\u015b\u0107 ze srebra pr\u00f3by 0,925 i 0,999. Zawieszki s\u0105 cz\u0119\u015bci\u0105 kolekcji \u269d Pagan Witch \u269d, gdzie zaopatrzysz si\u0119 w [&hellip;]<\/p>\n","protected":false},"featured_media":14721,"template":"","meta":{"_acf_changed":false,"site-sidebar-layout":"default","site-content-layout":"","ast-site-content-layout":"default","site-content-style":"default","site-sidebar-style":"default","ast-global-header-display":"","ast-banner-title-visibility":"","ast-main-header-display":"","ast-hfb-above-header-display":"","ast-hfb-below-header-display":"","ast-hfb-mobile-header-display":"","site-post-title":"","ast-breadcrumbs-content":"","ast-featured-img":"","footer-sml-layout":"","theme-transparent-header-meta":"default","adv-header-id-meta":"","stick-header-meta":"","header-above-stick-meta":"","header-main-stick-meta":"","header-below-stick-meta":"","astra-migrate-meta-layouts":"set","ast-page-background-enabled":"default","ast-page-background-meta":{"desktop":{"background-color":"","background-image":"","background-repeat":"repeat","background-position":"center center","background-size":"auto","background-attachment":"scroll","background-type":"","background-media":"","overlay-type":"","overlay-color":"","overlay-opacity":"","overlay-gradient":""},"tablet":{"background-color":"","background-image":"","background-repeat":"repeat","background-position":"center center","background-size":"auto","background-attachment":"scroll","background-type":"","background-media":"","overlay-type":"","overlay-color":"","overlay-opacity":"","overlay-gradient":""},"mobile":{"background-color":"","background-image":"","background-repeat":"repeat","background-position":"center center","background-size":"auto","background-attachment":"scroll","background-type":"","background-media":"","overlay-type":"","overlay-color":"","overlay-opacity":"","overlay-gradient":""}},"ast-content-background-meta":{"desktop":{"background-color":"var(--ast-global-color-5)","background-image":"","background-repeat":"repeat","background-position":"center center","background-size":"auto","background-attachment":"scroll","background-type":"","background-media":"","overlay-type":"","overlay-color":"","overlay-opacity":"","overlay-gradient":""},"tablet":{"background-color":"var(--ast-global-color-5)","background-image":"","background-repeat":"repeat","background-position":"center center","background-size":"auto","background-attachment":"scroll","background-type":"","background-media":"","overlay-type":"","overlay-color":"","overlay-opacity":"","overlay-gradient":""},"mobile":{"background-color":"var(--ast-global-color-5)","background-image":"","background-repeat":"repeat","background-position":"center center","background-size":"auto","background-attachment":"scroll","background-type":"","background-media":"","overlay-type":"","overlay-color":"","overlay-opacity":"","overlay-gradient":""}}},"product_brand":[],"product_cat":[117,59,156],"product_tag":[],"class_list":{"0":"post-11956","1":"product","2":"type-product","3":"status-publish","4":"has-post-thumbnail","6":"product_cat-ooak","7":"product_cat-naszyjniki-i-wisiorki","8":"product_cat-pagan-witch","9":"desktop-align-center","10":"tablet-align-left","11":"mobile-align-left","13":"first","14":"outofstock","15":"shipping-taxable","16":"purchasable","17":"product-type-variable"},"acf":[],"jetpack_sharing_enabled":true,"_links":{"self":[{"href":"https:\/\/sadirjewelry.com\/en\/wp-json\/wp\/v2\/product\/11956","targetHints":{"allow":["GET"]}}],"collection":[{"href":"https:\/\/sadirjewelry.com\/en\/wp-json\/wp\/v2\/product"}],"about":[{"href":"https:\/\/sadirjewelry.com\/en\/wp-json\/wp\/v2\/types\/product"}],"version-history":[{"count":11,"href":"https:\/\/sadirjewelry.com\/en\/wp-json\/wp\/v2\/product\/11956\/revisions"}],"predecessor-version":[{"id":15503,"href":"https:\/\/sadirjewelry.com\/en\/wp-json\/wp\/v2\/product\/11956\/revisions\/15503"}],"wp:featuredmedia":[{"embeddable":true,"href":"https:\/\/sadirjewelry.com\/en\/wp-json\/wp\/v2\/media\/14721"}],"wp:attachment":[{"href":"https:\/\/sadirjewelry.com\/en\/wp-json\/wp\/v2\/media?parent=11956"}],"wp:term":[{"taxonomy":"product_brand","embeddable":true,"href":"https:\/\/sadirjewelry.com\/en\/wp-json\/wp\/v2\/product_brand?post=11956"},{"taxonomy":"product_cat","embeddable":true,"href":"https:\/\/sadirjewelry.com\/en\/wp-json\/wp\/v2\/product_cat?post=11956"},{"taxonomy":"product_tag","embeddable":true,"href":"https:\/\/sadirjewelry.com\/en\/wp-json\/wp\/v2\/product_tag?post=11956"}],"curies":[{"name":"wp","href":"https:\/\/api.w.org\/{rel}","templated":true}]}}