{"id":12021,"date":"2024-06-05T21:16:23","date_gmt":"2024-06-05T19:16:23","guid":{"rendered":"https:\/\/sadirjewelry.com\/?post_type=product&#038;p=12021"},"modified":"2026-02-09T11:05:40","modified_gmt":"2026-02-09T10:05:40","slug":"ice-rust-ooak-pierscionek","status":"publish","type":"product","link":"https:\/\/sadirjewelry.com\/en\/woolentor-template\/products\/ice-rust-ooak-pierscionek\/","title":{"rendered":"Kryszta\u0142 Rzeczny OOAK &#8211; pier\u015bcionek"},"content":{"rendered":"<p>Jedyny w swoim rodzaju pier\u015bcionek miedziany wykonany metod\u0105 elektroformowania. Osadzony w nim zosta\u0142 drobny okruszek kryszta\u0142u g\u00f3rskiego.<\/p>\n<p>&nbsp;<\/p>\n<p>Oznaczenie OOAK z angielskiego One Of A Kind oznacza, \u017ce istnieje tylko jedna sztuka takiego modelu, kt\u00f3ra jest oryginalna i nie do powt\u00f3rzenia (np ze wzgl\u0119du na kamie\u0144 lub metod\u0119 wykonania).<\/p>\n<p>&nbsp;<\/p>\n<p>Rozmiar 10 (ok 15.8mm \u015brednicy)<\/p>\n<p>&nbsp;<\/p>\n<p>\u2726 Wielko\u015b\u0107 kamienia ok 18mm<\/p>\n<p>\u2726 Czas oczekiwania- gotowy do wysy\u0142ki<\/p>","protected":false},"excerpt":{"rendered":"<p>Jedyny w swoim rodzaju pier\u015bcionek miedziany wykonany metod\u0105 elektroformowania. Osadzony w nim zosta\u0142 drobny okruszek kryszta\u0142u g\u00f3rskiego. &nbsp; Oznaczenie OOAK z angielskiego One Of A Kind oznacza, \u017ce istnieje tylko jedna sztuka takiego modelu, kt\u00f3ra jest oryginalna i nie do powt\u00f3rzenia (np ze wzgl\u0119du na kamie\u0144 lub metod\u0119 wykonania). &nbsp; Rozmiar 10 (ok 15.8mm \u015brednicy) [&hellip;]<\/p>\n","protected":false},"featured_media":13616,"template":"","meta":{"_acf_changed":false,"site-sidebar-layout":"default","site-content-layout":"","ast-site-content-layout":"default","site-content-style":"default","site-sidebar-style":"default","ast-global-header-display":"","ast-banner-title-visibility":"","ast-main-header-display":"","ast-hfb-above-header-display":"","ast-hfb-below-header-display":"","ast-hfb-mobile-header-display":"","site-post-title":"","ast-breadcrumbs-content":"","ast-featured-img":"","footer-sml-layout":"","theme-transparent-header-meta":"default","adv-header-id-meta":"","stick-header-meta":"","header-above-stick-meta":"","header-main-stick-meta":"","header-below-stick-meta":"","astra-migrate-meta-layouts":"set","ast-page-background-enabled":"default","ast-page-background-meta":{"desktop":{"background-color":"","background-image":"","background-repeat":"repeat","background-position":"center center","background-size":"auto","background-attachment":"scroll","background-type":"","background-media":"","overlay-type":"","overlay-color":"","overlay-opacity":"","overlay-gradient":""},"tablet":{"background-color":"","background-image":"","background-repeat":"repeat","background-position":"center center","background-size":"auto","background-attachment":"scroll","background-type":"","background-media":"","overlay-type":"","overlay-color":"","overlay-opacity":"","overlay-gradient":""},"mobile":{"background-color":"","background-image":"","background-repeat":"repeat","background-position":"center center","background-size":"auto","background-attachment":"scroll","background-type":"","background-media":"","overlay-type":"","overlay-color":"","overlay-opacity":"","overlay-gradient":""}},"ast-content-background-meta":{"desktop":{"background-color":"var(--ast-global-color-5)","background-image":"","background-repeat":"repeat","background-position":"center center","background-size":"auto","background-attachment":"scroll","background-type":"","background-media":"","overlay-type":"","overlay-color":"","overlay-opacity":"","overlay-gradient":""},"tablet":{"background-color":"var(--ast-global-color-5)","background-image":"","background-repeat":"repeat","background-position":"center center","background-size":"auto","background-attachment":"scroll","background-type":"","background-media":"","overlay-type":"","overlay-color":"","overlay-opacity":"","overlay-gradient":""},"mobile":{"background-color":"var(--ast-global-color-5)","background-image":"","background-repeat":"repeat","background-position":"center center","background-size":"auto","background-attachment":"scroll","background-type":"","background-media":"","overlay-type":"","overlay-color":"","overlay-opacity":"","overlay-gradient":""}}},"product_brand":[],"product_cat":[117,62],"product_tag":[],"class_list":{"0":"post-12021","1":"product","2":"type-product","3":"status-publish","4":"has-post-thumbnail","6":"product_cat-ooak","7":"product_cat-pierscionki","8":"desktop-align-center","9":"tablet-align-left","10":"mobile-align-left","12":"first","13":"outofstock","14":"sale","15":"shipping-taxable","16":"purchasable","17":"product-type-simple"},"acf":[],"jetpack_sharing_enabled":true,"_links":{"self":[{"href":"https:\/\/sadirjewelry.com\/en\/wp-json\/wp\/v2\/product\/12021","targetHints":{"allow":["GET"]}}],"collection":[{"href":"https:\/\/sadirjewelry.com\/en\/wp-json\/wp\/v2\/product"}],"about":[{"href":"https:\/\/sadirjewelry.com\/en\/wp-json\/wp\/v2\/types\/product"}],"version-history":[{"count":5,"href":"https:\/\/sadirjewelry.com\/en\/wp-json\/wp\/v2\/product\/12021\/revisions"}],"predecessor-version":[{"id":15347,"href":"https:\/\/sadirjewelry.com\/en\/wp-json\/wp\/v2\/product\/12021\/revisions\/15347"}],"wp:featuredmedia":[{"embeddable":true,"href":"https:\/\/sadirjewelry.com\/en\/wp-json\/wp\/v2\/media\/13616"}],"wp:attachment":[{"href":"https:\/\/sadirjewelry.com\/en\/wp-json\/wp\/v2\/media?parent=12021"}],"wp:term":[{"taxonomy":"product_brand","embeddable":true,"href":"https:\/\/sadirjewelry.com\/en\/wp-json\/wp\/v2\/product_brand?post=12021"},{"taxonomy":"product_cat","embeddable":true,"href":"https:\/\/sadirjewelry.com\/en\/wp-json\/wp\/v2\/product_cat?post=12021"},{"taxonomy":"product_tag","embeddable":true,"href":"https:\/\/sadirjewelry.com\/en\/wp-json\/wp\/v2\/product_tag?post=12021"}],"curies":[{"name":"wp","href":"https:\/\/api.w.org\/{rel}","templated":true}]}}