{"id":12340,"date":"2024-06-12T19:51:14","date_gmt":"2024-06-12T17:51:14","guid":{"rendered":"https:\/\/sadirjewelry.com\/?post_type=product&#038;p=12340"},"modified":"2026-03-06T21:05:49","modified_gmt":"2026-03-06T20:05:49","slug":"magiczny-klucz-wisiorek","status":"publish","type":"product","link":"https:\/\/sadirjewelry.com\/en\/woolentor-template\/products\/magiczny-klucz-wisiorek\/","title":{"rendered":"Klucz do Tajemniczego Ogrodu &#8211; wisiorek"},"content":{"rendered":"<p>Wisiorek kluczyk z kamykiem do wyboru, ozdobiony listkami i z ty\u0142u nalutowanym ksi\u0119\u017cycem. Sympatyczna i unikalna ozdoba, kt\u00f3ra wprowadzi nieco magii i tajemnicy do Twojej kreacji!<\/p>\n<p>Ca\u0142o\u015b\u0107 wykonana ze srebra pr\u00f3by 0,925 i 0,999.<\/p>\n<p>Jest cz\u0119\u015bci\u0105 ro\u015blinnej kolekcji \ua565 Ogrodowy Wiecz\u00f3r \ua565, gdzie znajdziesz \u015bliczne kwiatowo-li\u015bciaste wzornictwo.<\/p>\n<p>&nbsp;<\/p>\n<p>JEDNA SZTUKA<\/p>\n<p>Wi\u015bniowy Klucz- z soczystym granatem<\/p>\n<p>&nbsp;<\/p>\n<p>\u2726 D\u0142ugo\u015b\u0107 klucza bez krawatki ok 33mm<\/p>\n<p>\u2726 Dost\u0119pny jako naszyjnik na drobnym \u0142a\u0144cuszku ze srebra o d\u0142ugo\u015bci 42cm lub jako sam wisiorek<\/p>\n<p>\u2726 Czas oczekiwania- 4 dni robocze<\/p>","protected":false},"excerpt":{"rendered":"<p>Wisiorek kluczyk z kamykiem do wyboru, ozdobiony listkami i z ty\u0142u nalutowanym ksi\u0119\u017cycem. Sympatyczna i unikalna ozdoba, kt\u00f3ra wprowadzi nieco magii i tajemnicy do Twojej kreacji! Ca\u0142o\u015b\u0107 wykonana ze srebra pr\u00f3by 0,925 i 0,999. Jest cz\u0119\u015bci\u0105 ro\u015blinnej kolekcji \ua565 Ogrodowy Wiecz\u00f3r \ua565, gdzie znajdziesz \u015bliczne kwiatowo-li\u015bciaste wzornictwo. &nbsp; JEDNA SZTUKA Wi\u015bniowy Klucz- z soczystym granatem [&hellip;]<\/p>\n","protected":false},"featured_media":14691,"template":"","meta":{"_acf_changed":false,"site-sidebar-layout":"default","site-content-layout":"","ast-site-content-layout":"default","site-content-style":"default","site-sidebar-style":"default","ast-global-header-display":"","ast-banner-title-visibility":"","ast-main-header-display":"","ast-hfb-above-header-display":"","ast-hfb-below-header-display":"","ast-hfb-mobile-header-display":"","site-post-title":"","ast-breadcrumbs-content":"","ast-featured-img":"","footer-sml-layout":"","theme-transparent-header-meta":"default","adv-header-id-meta":"","stick-header-meta":"","header-above-stick-meta":"","header-main-stick-meta":"","header-below-stick-meta":"","astra-migrate-meta-layouts":"set","ast-page-background-enabled":"default","ast-page-background-meta":{"desktop":{"background-color":"","background-image":"","background-repeat":"repeat","background-position":"center center","background-size":"auto","background-attachment":"scroll","background-type":"","background-media":"","overlay-type":"","overlay-color":"","overlay-opacity":"","overlay-gradient":""},"tablet":{"background-color":"","background-image":"","background-repeat":"repeat","background-position":"center center","background-size":"auto","background-attachment":"scroll","background-type":"","background-media":"","overlay-type":"","overlay-color":"","overlay-opacity":"","overlay-gradient":""},"mobile":{"background-color":"","background-image":"","background-repeat":"repeat","background-position":"center center","background-size":"auto","background-attachment":"scroll","background-type":"","background-media":"","overlay-type":"","overlay-color":"","overlay-opacity":"","overlay-gradient":""}},"ast-content-background-meta":{"desktop":{"background-color":"var(--ast-global-color-5)","background-image":"","background-repeat":"repeat","background-position":"center center","background-size":"auto","background-attachment":"scroll","background-type":"","background-media":"","overlay-type":"","overlay-color":"","overlay-opacity":"","overlay-gradient":""},"tablet":{"background-color":"var(--ast-global-color-5)","background-image":"","background-repeat":"repeat","background-position":"center center","background-size":"auto","background-attachment":"scroll","background-type":"","background-media":"","overlay-type":"","overlay-color":"","overlay-opacity":"","overlay-gradient":""},"mobile":{"background-color":"var(--ast-global-color-5)","background-image":"","background-repeat":"repeat","background-position":"center center","background-size":"auto","background-attachment":"scroll","background-type":"","background-media":"","overlay-type":"","overlay-color":"","overlay-opacity":"","overlay-gradient":""}}},"product_brand":[],"product_cat":[59,155],"product_tag":[],"class_list":{"0":"post-12340","1":"product","2":"type-product","3":"status-publish","4":"has-post-thumbnail","6":"product_cat-naszyjniki-i-wisiorki","7":"product_cat-ogrodowy-wieczor","8":"desktop-align-center","9":"tablet-align-left","10":"mobile-align-left","12":"first","13":"outofstock","14":"sale","15":"shipping-taxable","16":"purchasable","17":"product-type-variable"},"acf":[],"jetpack_sharing_enabled":true,"_links":{"self":[{"href":"https:\/\/sadirjewelry.com\/en\/wp-json\/wp\/v2\/product\/12340","targetHints":{"allow":["GET"]}}],"collection":[{"href":"https:\/\/sadirjewelry.com\/en\/wp-json\/wp\/v2\/product"}],"about":[{"href":"https:\/\/sadirjewelry.com\/en\/wp-json\/wp\/v2\/types\/product"}],"version-history":[{"count":5,"href":"https:\/\/sadirjewelry.com\/en\/wp-json\/wp\/v2\/product\/12340\/revisions"}],"predecessor-version":[{"id":15626,"href":"https:\/\/sadirjewelry.com\/en\/wp-json\/wp\/v2\/product\/12340\/revisions\/15626"}],"wp:featuredmedia":[{"embeddable":true,"href":"https:\/\/sadirjewelry.com\/en\/wp-json\/wp\/v2\/media\/14691"}],"wp:attachment":[{"href":"https:\/\/sadirjewelry.com\/en\/wp-json\/wp\/v2\/media?parent=12340"}],"wp:term":[{"taxonomy":"product_brand","embeddable":true,"href":"https:\/\/sadirjewelry.com\/en\/wp-json\/wp\/v2\/product_brand?post=12340"},{"taxonomy":"product_cat","embeddable":true,"href":"https:\/\/sadirjewelry.com\/en\/wp-json\/wp\/v2\/product_cat?post=12340"},{"taxonomy":"product_tag","embeddable":true,"href":"https:\/\/sadirjewelry.com\/en\/wp-json\/wp\/v2\/product_tag?post=12340"}],"curies":[{"name":"wp","href":"https:\/\/api.w.org\/{rel}","templated":true}]}}