{"id":12403,"date":"2024-06-21T21:06:24","date_gmt":"2024-06-21T19:06:24","guid":{"rendered":"https:\/\/sadirjewelry.com\/?post_type=product&#038;p=12403"},"modified":"2026-03-27T19:11:08","modified_gmt":"2026-03-27T18:11:08","slug":"gleboko-w-lesie-wisior","status":"publish","type":"product","link":"https:\/\/sadirjewelry.com\/en\/woolentor-template\/products\/gleboko-w-lesie-wisior\/","title":{"rendered":"G\u0142\u0119boko w Lesie &#8211; wisior"},"content":{"rendered":"<p>\u015aliczna paprotka typu orlicy pospolitej, kt\u00f3ra wyst\u0119puje popularnie tak\u017ce w Polsce. Wybierz do niej sw\u00f3j ulubiony minera\u0142 i no\u015b aby zawsze mie\u0107 przy sobie drobin\u0119 natury.<\/p>\n<p>W ca\u0142o\u015bci wykonana ze srebra pr\u00f3by 0,925 i 0,999<\/p>\n<p>Wisior to cz\u0119\u015b\u0107 kolekcji le\u015bnej <em>\u263dFern\u263e\u00a0\u00a0<\/em> gdzie znajdziesz paprociowe kolczyki, pier\u015bcionki i wiele naszyjnik\u00f3w w r\u00f3\u017cnych rozmiarach! Je\u015bli jeste\u015b mi\u0142o\u015bniczk\u0105 le\u015bnych klimat\u00f3w o lekko magicznym zabarwieniu, ta kolekcja jest w\u0142a\u015bnie dla Ciebie!<\/p>\n<p>&nbsp;<\/p>\n<p>Obecnie zakuta i dost\u0119pna:<\/p>\n<p>Orlica Pospolita- z ma\u0142ym kaboszonem zielonego onyksu<\/p>\n<p>&nbsp;<\/p>\n<p>Przyk\u0142adowe kamienie do oprawy: granat, onyks czarny, ametyst, labradoryt<\/p>\n<p>Mailowo przesy\u0142am dodatkowe zdj\u0119cia minera\u0142\u00f3w i opisy, a tak\u017ce potwierdzam dost\u0119pno\u015b\u0107<\/p>\n<p>&nbsp;<\/p>\n<p>&nbsp;<\/p>\n<p>\u2726 Element bez k\u00f3\u0142eczka ma ok 38mm<\/p>\n<p>\u2726 Dost\u0119pna jako wisior lub na drobnym lub grubszym \u0142a\u0144cuszku ze srebra d\u0142ugo\u015bci 42cm<\/p>\n<p>\u2726 Czas oczekiwania 7 dni roboczych<\/p>","protected":false},"excerpt":{"rendered":"<p>\u015aliczna paprotka typu orlicy pospolitej, kt\u00f3ra wyst\u0119puje popularnie tak\u017ce w Polsce. Wybierz do niej sw\u00f3j ulubiony minera\u0142 i no\u015b aby zawsze mie\u0107 przy sobie drobin\u0119 natury. W ca\u0142o\u015bci wykonana ze srebra pr\u00f3by 0,925 i 0,999 Wisior to cz\u0119\u015b\u0107 kolekcji le\u015bnej \u263dFern\u263e\u00a0\u00a0 gdzie znajdziesz paprociowe kolczyki, pier\u015bcionki i wiele naszyjnik\u00f3w w r\u00f3\u017cnych rozmiarach! Je\u015bli jeste\u015b mi\u0142o\u015bniczk\u0105 [&hellip;]<\/p>\n","protected":false},"featured_media":15038,"template":"","meta":{"_acf_changed":false,"site-sidebar-layout":"default","site-content-layout":"","ast-site-content-layout":"default","site-content-style":"default","site-sidebar-style":"default","ast-global-header-display":"","ast-banner-title-visibility":"","ast-main-header-display":"","ast-hfb-above-header-display":"","ast-hfb-below-header-display":"","ast-hfb-mobile-header-display":"","site-post-title":"","ast-breadcrumbs-content":"","ast-featured-img":"","footer-sml-layout":"","theme-transparent-header-meta":"default","adv-header-id-meta":"","stick-header-meta":"","header-above-stick-meta":"","header-main-stick-meta":"","header-below-stick-meta":"","astra-migrate-meta-layouts":"set","ast-page-background-enabled":"default","ast-page-background-meta":{"desktop":{"background-color":"","background-image":"","background-repeat":"repeat","background-position":"center center","background-size":"auto","background-attachment":"scroll","background-type":"","background-media":"","overlay-type":"","overlay-color":"","overlay-opacity":"","overlay-gradient":""},"tablet":{"background-color":"","background-image":"","background-repeat":"repeat","background-position":"center center","background-size":"auto","background-attachment":"scroll","background-type":"","background-media":"","overlay-type":"","overlay-color":"","overlay-opacity":"","overlay-gradient":""},"mobile":{"background-color":"","background-image":"","background-repeat":"repeat","background-position":"center center","background-size":"auto","background-attachment":"scroll","background-type":"","background-media":"","overlay-type":"","overlay-color":"","overlay-opacity":"","overlay-gradient":""}},"ast-content-background-meta":{"desktop":{"background-color":"var(--ast-global-color-5)","background-image":"","background-repeat":"repeat","background-position":"center center","background-size":"auto","background-attachment":"scroll","background-type":"","background-media":"","overlay-type":"","overlay-color":"","overlay-opacity":"","overlay-gradient":""},"tablet":{"background-color":"var(--ast-global-color-5)","background-image":"","background-repeat":"repeat","background-position":"center center","background-size":"auto","background-attachment":"scroll","background-type":"","background-media":"","overlay-type":"","overlay-color":"","overlay-opacity":"","overlay-gradient":""},"mobile":{"background-color":"var(--ast-global-color-5)","background-image":"","background-repeat":"repeat","background-position":"center center","background-size":"auto","background-attachment":"scroll","background-type":"","background-media":"","overlay-type":"","overlay-color":"","overlay-opacity":"","overlay-gradient":""}}},"product_brand":[],"product_cat":[119,59],"product_tag":[],"class_list":{"0":"post-12403","1":"product","2":"type-product","3":"status-publish","4":"has-post-thumbnail","6":"product_cat-fern","7":"product_cat-naszyjniki-i-wisiorki","8":"desktop-align-center","9":"tablet-align-left","10":"mobile-align-left","12":"first","13":"outofstock","14":"shipping-taxable","15":"purchasable","16":"product-type-variable"},"acf":[],"jetpack_sharing_enabled":true,"_links":{"self":[{"href":"https:\/\/sadirjewelry.com\/en\/wp-json\/wp\/v2\/product\/12403","targetHints":{"allow":["GET"]}}],"collection":[{"href":"https:\/\/sadirjewelry.com\/en\/wp-json\/wp\/v2\/product"}],"about":[{"href":"https:\/\/sadirjewelry.com\/en\/wp-json\/wp\/v2\/types\/product"}],"version-history":[{"count":8,"href":"https:\/\/sadirjewelry.com\/en\/wp-json\/wp\/v2\/product\/12403\/revisions"}],"predecessor-version":[{"id":15974,"href":"https:\/\/sadirjewelry.com\/en\/wp-json\/wp\/v2\/product\/12403\/revisions\/15974"}],"wp:featuredmedia":[{"embeddable":true,"href":"https:\/\/sadirjewelry.com\/en\/wp-json\/wp\/v2\/media\/15038"}],"wp:attachment":[{"href":"https:\/\/sadirjewelry.com\/en\/wp-json\/wp\/v2\/media?parent=12403"}],"wp:term":[{"taxonomy":"product_brand","embeddable":true,"href":"https:\/\/sadirjewelry.com\/en\/wp-json\/wp\/v2\/product_brand?post=12403"},{"taxonomy":"product_cat","embeddable":true,"href":"https:\/\/sadirjewelry.com\/en\/wp-json\/wp\/v2\/product_cat?post=12403"},{"taxonomy":"product_tag","embeddable":true,"href":"https:\/\/sadirjewelry.com\/en\/wp-json\/wp\/v2\/product_tag?post=12403"}],"curies":[{"name":"wp","href":"https:\/\/api.w.org\/{rel}","templated":true}]}}