{"id":14092,"date":"2024-11-09T16:42:44","date_gmt":"2024-11-09T15:42:44","guid":{"rendered":"https:\/\/sadirjewelry.com\/?post_type=product&#038;p=14092"},"modified":"2026-03-08T21:46:17","modified_gmt":"2026-03-08T20:46:17","slug":"daphne-pierscionek","status":"publish","type":"product","link":"https:\/\/sadirjewelry.com\/en\/woolentor-template\/products\/daphne-pierscionek\/","title":{"rendered":"Daphne &#8211; pier\u015bcionek"},"content":{"rendered":"<p>Klasyczny, elegancki pier\u015bcionek z kameryzacj\u0105 z cyrkonii- centrum stanowi cyrkonia granat, a\u00a0 dooko\u0142a zakute s\u0105 cyrkonie opalowe, kt\u00f3re ca\u0142kiem dobrze imituj\u0105 kamienie naturalne. Bardzo \u0142adnie skrzy r\u00f3\u017cnymi kolorami.<\/p>\n<p>Ca\u0142o\u015b\u0107 wykonana ze srebra pr\u00f3by 0,925.<\/p>\n<p>Daphne to cz\u0119\u015b\u0107 kolekcji \u2727 Heirlooms \u2727 gdzie znajdziesz projekty z unikalnymi kamieniami, o fantazyjnych, ekstrawaganckich formach.<\/p>\n<p>&nbsp;<\/p>\n<p>JEDNA SZTUKA w rozmiarze 16 (17.8mm) (do minimalnego powi\u0119kszenia)<\/p>\n<p>&nbsp;<\/p>\n<p>\u2726 Wielko\u015b\u0107 kwiatuszka ok 9mm<\/p>\n<p>\u2726 Czas oczekiwania- 3 dni robocze<\/p>","protected":false},"excerpt":{"rendered":"<p>Klasyczny, elegancki pier\u015bcionek z kameryzacj\u0105 z cyrkonii- centrum stanowi cyrkonia granat, a\u00a0 dooko\u0142a zakute s\u0105 cyrkonie opalowe, kt\u00f3re ca\u0142kiem dobrze imituj\u0105 kamienie naturalne. Bardzo \u0142adnie skrzy r\u00f3\u017cnymi kolorami. Ca\u0142o\u015b\u0107 wykonana ze srebra pr\u00f3by 0,925. Daphne to cz\u0119\u015b\u0107 kolekcji \u2727 Heirlooms \u2727 gdzie znajdziesz projekty z unikalnymi kamieniami, o fantazyjnych, ekstrawaganckich formach. &nbsp; JEDNA SZTUKA w [&hellip;]<\/p>\n","protected":false},"featured_media":14099,"template":"","meta":{"_acf_changed":false,"site-sidebar-layout":"default","site-content-layout":"","ast-site-content-layout":"default","site-content-style":"default","site-sidebar-style":"default","ast-global-header-display":"","ast-banner-title-visibility":"","ast-main-header-display":"","ast-hfb-above-header-display":"","ast-hfb-below-header-display":"","ast-hfb-mobile-header-display":"","site-post-title":"","ast-breadcrumbs-content":"","ast-featured-img":"","footer-sml-layout":"","theme-transparent-header-meta":"default","adv-header-id-meta":"","stick-header-meta":"","header-above-stick-meta":"","header-main-stick-meta":"","header-below-stick-meta":"","astra-migrate-meta-layouts":"set","ast-page-background-enabled":"default","ast-page-background-meta":{"desktop":{"background-color":"","background-image":"","background-repeat":"repeat","background-position":"center center","background-size":"auto","background-attachment":"scroll","background-type":"","background-media":"","overlay-type":"","overlay-color":"","overlay-opacity":"","overlay-gradient":""},"tablet":{"background-color":"","background-image":"","background-repeat":"repeat","background-position":"center center","background-size":"auto","background-attachment":"scroll","background-type":"","background-media":"","overlay-type":"","overlay-color":"","overlay-opacity":"","overlay-gradient":""},"mobile":{"background-color":"","background-image":"","background-repeat":"repeat","background-position":"center center","background-size":"auto","background-attachment":"scroll","background-type":"","background-media":"","overlay-type":"","overlay-color":"","overlay-opacity":"","overlay-gradient":""}},"ast-content-background-meta":{"desktop":{"background-color":"var(--ast-global-color-5)","background-image":"","background-repeat":"repeat","background-position":"center center","background-size":"auto","background-attachment":"scroll","background-type":"","background-media":"","overlay-type":"","overlay-color":"","overlay-opacity":"","overlay-gradient":""},"tablet":{"background-color":"var(--ast-global-color-5)","background-image":"","background-repeat":"repeat","background-position":"center center","background-size":"auto","background-attachment":"scroll","background-type":"","background-media":"","overlay-type":"","overlay-color":"","overlay-opacity":"","overlay-gradient":""},"mobile":{"background-color":"var(--ast-global-color-5)","background-image":"","background-repeat":"repeat","background-position":"center center","background-size":"auto","background-attachment":"scroll","background-type":"","background-media":"","overlay-type":"","overlay-color":"","overlay-opacity":"","overlay-gradient":""}}},"product_brand":[],"product_cat":[158,62],"product_tag":[],"class_list":{"0":"post-14092","1":"product","2":"type-product","3":"status-publish","4":"has-post-thumbnail","6":"product_cat-heirlooms","7":"product_cat-pierscionki","8":"desktop-align-center","9":"tablet-align-left","10":"mobile-align-left","12":"first","13":"outofstock","14":"sale","15":"sold-individually","16":"shipping-taxable","17":"purchasable","18":"product-type-simple"},"acf":[],"jetpack_sharing_enabled":true,"_links":{"self":[{"href":"https:\/\/sadirjewelry.com\/en\/wp-json\/wp\/v2\/product\/14092","targetHints":{"allow":["GET"]}}],"collection":[{"href":"https:\/\/sadirjewelry.com\/en\/wp-json\/wp\/v2\/product"}],"about":[{"href":"https:\/\/sadirjewelry.com\/en\/wp-json\/wp\/v2\/types\/product"}],"version-history":[{"count":3,"href":"https:\/\/sadirjewelry.com\/en\/wp-json\/wp\/v2\/product\/14092\/revisions"}],"predecessor-version":[{"id":15394,"href":"https:\/\/sadirjewelry.com\/en\/wp-json\/wp\/v2\/product\/14092\/revisions\/15394"}],"wp:featuredmedia":[{"embeddable":true,"href":"https:\/\/sadirjewelry.com\/en\/wp-json\/wp\/v2\/media\/14099"}],"wp:attachment":[{"href":"https:\/\/sadirjewelry.com\/en\/wp-json\/wp\/v2\/media?parent=14092"}],"wp:term":[{"taxonomy":"product_brand","embeddable":true,"href":"https:\/\/sadirjewelry.com\/en\/wp-json\/wp\/v2\/product_brand?post=14092"},{"taxonomy":"product_cat","embeddable":true,"href":"https:\/\/sadirjewelry.com\/en\/wp-json\/wp\/v2\/product_cat?post=14092"},{"taxonomy":"product_tag","embeddable":true,"href":"https:\/\/sadirjewelry.com\/en\/wp-json\/wp\/v2\/product_tag?post=14092"}],"curies":[{"name":"wp","href":"https:\/\/api.w.org\/{rel}","templated":true}]}}