{"id":15728,"date":"2026-02-07T15:08:47","date_gmt":"2026-02-07T14:08:47","guid":{"rendered":"https:\/\/sadirjewelry.com\/?post_type=product&#038;p=15728"},"modified":"2026-03-29T20:34:18","modified_gmt":"2026-03-29T18:34:18","slug":"mrozny-sigil-wisiorek","status":"publish","type":"product","link":"https:\/\/sadirjewelry.com\/en\/woolentor-template\/products\/mrozny-sigil-wisiorek\/","title":{"rendered":"Mro\u017any Sigil &#8211; wisiorek"},"content":{"rendered":"<p>Mistyczny wisior z du\u017cym srebrnym elementem, ozdobiony heksagonalnym, wyd\u0142u\u017conym kamieniem o lodowym odcieniu. Minera\u0142 to odmiana kyanitu, kt\u00f3ra zosta\u0142a obdarzona du\u017c\u0105 ilo\u015bci\u0105 tr\u00f3jk\u0105tnych fasetek, przez co kamie\u0144 \u015blicznie skrzy w promieniach s\u0142o\u0144ca.<\/p>\n<p>Ca\u0142o\u015b\u0107 to po\u0142\u0105czenie srebra pr\u00f3by 0,925 i 0,999.<\/p>\n<p>&nbsp;<\/p>\n<p>Jest cz\u0119\u015bci\u0105 kolekcji \u2727 Heirlooms \u2727 gdzie znajdziesz projekty z unikalnymi kamieniami i o fantazyjnych, ekstrawaganckich formach.<\/p>\n<p>&nbsp;<\/p>\n<p>\u2726 Element bez krawatki to ok 41mm, a kamie\u0144 ok 13mm<\/p>\n<p>\u2726 Jako naszyjnik ze srebrnym grubszym \u0142a\u0144cuszkiem 45cm lub jako sam wisiorek<\/p>\n<p>\u2726 Czas oczekiwania 3 dni robocze<\/p>","protected":false},"excerpt":{"rendered":"<p>Mistyczny wisior z du\u017cym srebrnym elementem, ozdobiony heksagonalnym, wyd\u0142u\u017conym kamieniem o lodowym odcieniu. Minera\u0142 to odmiana kyanitu, kt\u00f3ra zosta\u0142a obdarzona du\u017c\u0105 ilo\u015bci\u0105 tr\u00f3jk\u0105tnych fasetek, przez co kamie\u0144 \u015blicznie skrzy w promieniach s\u0142o\u0144ca. Ca\u0142o\u015b\u0107 to po\u0142\u0105czenie srebra pr\u00f3by 0,925 i 0,999. &nbsp; Jest cz\u0119\u015bci\u0105 kolekcji \u2727 Heirlooms \u2727 gdzie znajdziesz projekty z unikalnymi kamieniami i o [&hellip;]<\/p>\n","protected":false},"featured_media":15731,"template":"","meta":{"_acf_changed":false,"site-sidebar-layout":"default","site-content-layout":"","ast-site-content-layout":"default","site-content-style":"default","site-sidebar-style":"default","ast-global-header-display":"","ast-banner-title-visibility":"","ast-main-header-display":"","ast-hfb-above-header-display":"","ast-hfb-below-header-display":"","ast-hfb-mobile-header-display":"","site-post-title":"","ast-breadcrumbs-content":"","ast-featured-img":"","footer-sml-layout":"","theme-transparent-header-meta":"default","adv-header-id-meta":"","stick-header-meta":"","header-above-stick-meta":"","header-main-stick-meta":"","header-below-stick-meta":"","astra-migrate-meta-layouts":"set","ast-page-background-enabled":"default","ast-page-background-meta":{"desktop":{"background-color":"","background-image":"","background-repeat":"repeat","background-position":"center center","background-size":"auto","background-attachment":"scroll","background-type":"","background-media":"","overlay-type":"","overlay-color":"","overlay-opacity":"","overlay-gradient":""},"tablet":{"background-color":"","background-image":"","background-repeat":"repeat","background-position":"center center","background-size":"auto","background-attachment":"scroll","background-type":"","background-media":"","overlay-type":"","overlay-color":"","overlay-opacity":"","overlay-gradient":""},"mobile":{"background-color":"","background-image":"","background-repeat":"repeat","background-position":"center center","background-size":"auto","background-attachment":"scroll","background-type":"","background-media":"","overlay-type":"","overlay-color":"","overlay-opacity":"","overlay-gradient":""}},"ast-content-background-meta":{"desktop":{"background-color":"var(--ast-global-color-5)","background-image":"","background-repeat":"repeat","background-position":"center center","background-size":"auto","background-attachment":"scroll","background-type":"","background-media":"","overlay-type":"","overlay-color":"","overlay-opacity":"","overlay-gradient":""},"tablet":{"background-color":"var(--ast-global-color-5)","background-image":"","background-repeat":"repeat","background-position":"center center","background-size":"auto","background-attachment":"scroll","background-type":"","background-media":"","overlay-type":"","overlay-color":"","overlay-opacity":"","overlay-gradient":""},"mobile":{"background-color":"var(--ast-global-color-5)","background-image":"","background-repeat":"repeat","background-position":"center center","background-size":"auto","background-attachment":"scroll","background-type":"","background-media":"","overlay-type":"","overlay-color":"","overlay-opacity":"","overlay-gradient":""}}},"product_brand":[],"product_cat":[158,59],"product_tag":[],"class_list":{"0":"post-15728","1":"product","2":"type-product","3":"status-publish","4":"has-post-thumbnail","6":"product_cat-heirlooms","7":"product_cat-naszyjniki-i-wisiorki","8":"desktop-align-center","9":"tablet-align-left","10":"mobile-align-left","12":"first","13":"outofstock","14":"shipping-taxable","15":"purchasable","16":"product-type-variable"},"acf":[],"jetpack_sharing_enabled":true,"_links":{"self":[{"href":"https:\/\/sadirjewelry.com\/en\/wp-json\/wp\/v2\/product\/15728","targetHints":{"allow":["GET"]}}],"collection":[{"href":"https:\/\/sadirjewelry.com\/en\/wp-json\/wp\/v2\/product"}],"about":[{"href":"https:\/\/sadirjewelry.com\/en\/wp-json\/wp\/v2\/types\/product"}],"version-history":[{"count":1,"href":"https:\/\/sadirjewelry.com\/en\/wp-json\/wp\/v2\/product\/15728\/revisions"}],"predecessor-version":[{"id":15738,"href":"https:\/\/sadirjewelry.com\/en\/wp-json\/wp\/v2\/product\/15728\/revisions\/15738"}],"wp:featuredmedia":[{"embeddable":true,"href":"https:\/\/sadirjewelry.com\/en\/wp-json\/wp\/v2\/media\/15731"}],"wp:attachment":[{"href":"https:\/\/sadirjewelry.com\/en\/wp-json\/wp\/v2\/media?parent=15728"}],"wp:term":[{"taxonomy":"product_brand","embeddable":true,"href":"https:\/\/sadirjewelry.com\/en\/wp-json\/wp\/v2\/product_brand?post=15728"},{"taxonomy":"product_cat","embeddable":true,"href":"https:\/\/sadirjewelry.com\/en\/wp-json\/wp\/v2\/product_cat?post=15728"},{"taxonomy":"product_tag","embeddable":true,"href":"https:\/\/sadirjewelry.com\/en\/wp-json\/wp\/v2\/product_tag?post=15728"}],"curies":[{"name":"wp","href":"https:\/\/api.w.org\/{rel}","templated":true}]}}