{"id":15833,"date":"2026-03-14T15:25:27","date_gmt":"2026-03-14T14:25:27","guid":{"rendered":"https:\/\/sadirjewelry.com\/?post_type=product&#038;p=15833"},"modified":"2026-03-16T01:02:05","modified_gmt":"2026-03-16T00:02:05","slug":"dracul-dusik-ooak","status":"publish","type":"product","link":"https:\/\/sadirjewelry.com\/en\/woolentor-template\/products\/dracul-dusik-ooak\/","title":{"rendered":"Dracul &#8211; dusik OOAK"},"content":{"rendered":"<p>Du\u017cy nietoperz z cyrkoni\u0105 o szlifie szmaragdowym, w kolorze granatu. Obecnie tylko jeden egzemplarz.<\/p>\n<p>Ca\u0142o\u015b\u0107 srebro pr\u00f3by 0,925.<\/p>\n<p>W zestawie czarna tasiemka, wi\u0105zany jak dusik. Tasiemk\u0119 mo\u017cna sobie wymieni\u0107.<\/p>\n<p>&nbsp;<\/p>\n<p>\u2726 Rozpi\u0119to\u015b\u0107 skrzyde\u0142 to ok 71mm<\/p>\n<p>\u2726 Czas oczekiwania 2 dni robocze<\/p>\n<p>&nbsp;<\/p>\n<p>&nbsp;<\/p>\n<p>&nbsp;<\/p>","protected":false},"excerpt":{"rendered":"<p>Du\u017cy nietoperz z cyrkoni\u0105 o szlifie szmaragdowym, w kolorze granatu. Obecnie tylko jeden egzemplarz. Ca\u0142o\u015b\u0107 srebro pr\u00f3by 0,925. W zestawie czarna tasiemka, wi\u0105zany jak dusik. Tasiemk\u0119 mo\u017cna sobie wymieni\u0107. &nbsp; \u2726 Rozpi\u0119to\u015b\u0107 skrzyde\u0142 to ok 71mm \u2726 Czas oczekiwania 2 dni robocze &nbsp; &nbsp; &nbsp;<\/p>","protected":false},"featured_media":15839,"template":"","meta":{"_acf_changed":false,"site-sidebar-layout":"default","site-content-layout":"","ast-site-content-layout":"default","site-content-style":"default","site-sidebar-style":"default","ast-global-header-display":"","ast-banner-title-visibility":"","ast-main-header-display":"","ast-hfb-above-header-display":"","ast-hfb-below-header-display":"","ast-hfb-mobile-header-display":"","site-post-title":"","ast-breadcrumbs-content":"","ast-featured-img":"","footer-sml-layout":"","theme-transparent-header-meta":"default","adv-header-id-meta":"","stick-header-meta":"","header-above-stick-meta":"","header-main-stick-meta":"","header-below-stick-meta":"","astra-migrate-meta-layouts":"set","ast-page-background-enabled":"default","ast-page-background-meta":{"desktop":{"background-color":"","background-image":"","background-repeat":"repeat","background-position":"center center","background-size":"auto","background-attachment":"scroll","background-type":"","background-media":"","overlay-type":"","overlay-color":"","overlay-opacity":"","overlay-gradient":""},"tablet":{"background-color":"","background-image":"","background-repeat":"repeat","background-position":"center center","background-size":"auto","background-attachment":"scroll","background-type":"","background-media":"","overlay-type":"","overlay-color":"","overlay-opacity":"","overlay-gradient":""},"mobile":{"background-color":"","background-image":"","background-repeat":"repeat","background-position":"center center","background-size":"auto","background-attachment":"scroll","background-type":"","background-media":"","overlay-type":"","overlay-color":"","overlay-opacity":"","overlay-gradient":""}},"ast-content-background-meta":{"desktop":{"background-color":"var(--ast-global-color-5)","background-image":"","background-repeat":"repeat","background-position":"center center","background-size":"auto","background-attachment":"scroll","background-type":"","background-media":"","overlay-type":"","overlay-color":"","overlay-opacity":"","overlay-gradient":""},"tablet":{"background-color":"var(--ast-global-color-5)","background-image":"","background-repeat":"repeat","background-position":"center center","background-size":"auto","background-attachment":"scroll","background-type":"","background-media":"","overlay-type":"","overlay-color":"","overlay-opacity":"","overlay-gradient":""},"mobile":{"background-color":"var(--ast-global-color-5)","background-image":"","background-repeat":"repeat","background-position":"center center","background-size":"auto","background-attachment":"scroll","background-type":"","background-media":"","overlay-type":"","overlay-color":"","overlay-opacity":"","overlay-gradient":""}}},"product_brand":[],"product_cat":[157,59],"product_tag":[],"class_list":{"0":"post-15833","1":"product","2":"type-product","3":"status-publish","4":"has-post-thumbnail","6":"product_cat-vampires-werewolves","7":"product_cat-naszyjniki-i-wisiorki","8":"desktop-align-center","9":"tablet-align-left","10":"mobile-align-left","12":"first","13":"outofstock","14":"shipping-taxable","15":"purchasable","16":"product-type-simple"},"acf":[],"jetpack_sharing_enabled":true,"_links":{"self":[{"href":"https:\/\/sadirjewelry.com\/en\/wp-json\/wp\/v2\/product\/15833","targetHints":{"allow":["GET"]}}],"collection":[{"href":"https:\/\/sadirjewelry.com\/en\/wp-json\/wp\/v2\/product"}],"about":[{"href":"https:\/\/sadirjewelry.com\/en\/wp-json\/wp\/v2\/types\/product"}],"version-history":[{"count":1,"href":"https:\/\/sadirjewelry.com\/en\/wp-json\/wp\/v2\/product\/15833\/revisions"}],"predecessor-version":[{"id":15840,"href":"https:\/\/sadirjewelry.com\/en\/wp-json\/wp\/v2\/product\/15833\/revisions\/15840"}],"wp:featuredmedia":[{"embeddable":true,"href":"https:\/\/sadirjewelry.com\/en\/wp-json\/wp\/v2\/media\/15839"}],"wp:attachment":[{"href":"https:\/\/sadirjewelry.com\/en\/wp-json\/wp\/v2\/media?parent=15833"}],"wp:term":[{"taxonomy":"product_brand","embeddable":true,"href":"https:\/\/sadirjewelry.com\/en\/wp-json\/wp\/v2\/product_brand?post=15833"},{"taxonomy":"product_cat","embeddable":true,"href":"https:\/\/sadirjewelry.com\/en\/wp-json\/wp\/v2\/product_cat?post=15833"},{"taxonomy":"product_tag","embeddable":true,"href":"https:\/\/sadirjewelry.com\/en\/wp-json\/wp\/v2\/product_tag?post=15833"}],"curies":[{"name":"wp","href":"https:\/\/api.w.org\/{rel}","templated":true}]}}