{"id":15951,"date":"2026-03-29T12:15:33","date_gmt":"2026-03-29T10:15:33","guid":{"rendered":"https:\/\/sadirjewelry.com\/?post_type=product&#038;p=15951"},"modified":"2026-03-29T13:52:50","modified_gmt":"2026-03-29T11:52:50","slug":"alkor-i-mizar-naszyjnik","status":"publish","type":"product","link":"https:\/\/sadirjewelry.com\/en\/woolentor-template\/products\/alkor-i-mizar-naszyjnik\/","title":{"rendered":"Alkor i Mizar &#8211; naszyjnik"},"content":{"rendered":"<p>Du\u017cy, \u017clo\u017cony ksi\u0119\u017cycowy naszyjnik z mniejsz\u0105 gwiazd\u0105 Alkor i wi\u0119ksz\u0105, pi\u0119knie \u015bwiac\u0105c\u0105 'gwiazd\u0105&#8217; Mizar, w postaci fasetowanej Aurory.<\/p>\n<p>Ca\u0142o\u015b\u0107 to srebro pr\u00f3by 0,925 i 0,999.<\/p>\n<p>&nbsp;<\/p>\n<p>\u2726 Wysoko\u015b\u0107 bez krawatki: 35mm<\/p>\n<p>\u2726 Jest w zestawie z grubszym \u0142a\u0144cuszkiem<\/p>\n<p>\u2726 Czas oczekiwania: 2 dni robocze<\/p>\n<p>&nbsp;<\/p>","protected":false},"excerpt":{"rendered":"<p>Du\u017cy, \u017clo\u017cony ksi\u0119\u017cycowy naszyjnik z mniejsz\u0105 gwiazd\u0105 Alkor i wi\u0119ksz\u0105, pi\u0119knie \u015bwiac\u0105c\u0105 'gwiazd\u0105&#8217; Mizar, w postaci fasetowanej Aurory. Ca\u0142o\u015b\u0107 to srebro pr\u00f3by 0,925 i 0,999. &nbsp; \u2726 Wysoko\u015b\u0107 bez krawatki: 35mm \u2726 Jest w zestawie z grubszym \u0142a\u0144cuszkiem \u2726 Czas oczekiwania: 2 dni robocze &nbsp;<\/p>","protected":false},"featured_media":15955,"template":"","meta":{"_acf_changed":false,"site-sidebar-layout":"default","site-content-layout":"","ast-site-content-layout":"default","site-content-style":"default","site-sidebar-style":"default","ast-global-header-display":"","ast-banner-title-visibility":"","ast-main-header-display":"","ast-hfb-above-header-display":"","ast-hfb-below-header-display":"","ast-hfb-mobile-header-display":"","site-post-title":"","ast-breadcrumbs-content":"","ast-featured-img":"","footer-sml-layout":"","theme-transparent-header-meta":"default","adv-header-id-meta":"","stick-header-meta":"","header-above-stick-meta":"","header-main-stick-meta":"","header-below-stick-meta":"","astra-migrate-meta-layouts":"set","ast-page-background-enabled":"default","ast-page-background-meta":{"desktop":{"background-color":"","background-image":"","background-repeat":"repeat","background-position":"center center","background-size":"auto","background-attachment":"scroll","background-type":"","background-media":"","overlay-type":"","overlay-color":"","overlay-opacity":"","overlay-gradient":""},"tablet":{"background-color":"","background-image":"","background-repeat":"repeat","background-position":"center center","background-size":"auto","background-attachment":"scroll","background-type":"","background-media":"","overlay-type":"","overlay-color":"","overlay-opacity":"","overlay-gradient":""},"mobile":{"background-color":"","background-image":"","background-repeat":"repeat","background-position":"center center","background-size":"auto","background-attachment":"scroll","background-type":"","background-media":"","overlay-type":"","overlay-color":"","overlay-opacity":"","overlay-gradient":""}},"ast-content-background-meta":{"desktop":{"background-color":"var(--ast-global-color-5)","background-image":"","background-repeat":"repeat","background-position":"center center","background-size":"auto","background-attachment":"scroll","background-type":"","background-media":"","overlay-type":"","overlay-color":"","overlay-opacity":"","overlay-gradient":""},"tablet":{"background-color":"var(--ast-global-color-5)","background-image":"","background-repeat":"repeat","background-position":"center center","background-size":"auto","background-attachment":"scroll","background-type":"","background-media":"","overlay-type":"","overlay-color":"","overlay-opacity":"","overlay-gradient":""},"mobile":{"background-color":"var(--ast-global-color-5)","background-image":"","background-repeat":"repeat","background-position":"center center","background-size":"auto","background-attachment":"scroll","background-type":"","background-media":"","overlay-type":"","overlay-color":"","overlay-opacity":"","overlay-gradient":""}}},"product_brand":[],"product_cat":[117,59],"product_tag":[],"class_list":{"0":"post-15951","1":"product","2":"type-product","3":"status-publish","4":"has-post-thumbnail","6":"product_cat-ooak","7":"product_cat-naszyjniki-i-wisiorki","8":"desktop-align-center","9":"tablet-align-left","10":"mobile-align-left","12":"first","13":"outofstock","14":"shipping-taxable","15":"purchasable","16":"product-type-simple"},"acf":[],"jetpack_sharing_enabled":true,"_links":{"self":[{"href":"https:\/\/sadirjewelry.com\/en\/wp-json\/wp\/v2\/product\/15951","targetHints":{"allow":["GET"]}}],"collection":[{"href":"https:\/\/sadirjewelry.com\/en\/wp-json\/wp\/v2\/product"}],"about":[{"href":"https:\/\/sadirjewelry.com\/en\/wp-json\/wp\/v2\/types\/product"}],"version-history":[{"count":1,"href":"https:\/\/sadirjewelry.com\/en\/wp-json\/wp\/v2\/product\/15951\/revisions"}],"predecessor-version":[{"id":15960,"href":"https:\/\/sadirjewelry.com\/en\/wp-json\/wp\/v2\/product\/15951\/revisions\/15960"}],"wp:featuredmedia":[{"embeddable":true,"href":"https:\/\/sadirjewelry.com\/en\/wp-json\/wp\/v2\/media\/15955"}],"wp:attachment":[{"href":"https:\/\/sadirjewelry.com\/en\/wp-json\/wp\/v2\/media?parent=15951"}],"wp:term":[{"taxonomy":"product_brand","embeddable":true,"href":"https:\/\/sadirjewelry.com\/en\/wp-json\/wp\/v2\/product_brand?post=15951"},{"taxonomy":"product_cat","embeddable":true,"href":"https:\/\/sadirjewelry.com\/en\/wp-json\/wp\/v2\/product_cat?post=15951"},{"taxonomy":"product_tag","embeddable":true,"href":"https:\/\/sadirjewelry.com\/en\/wp-json\/wp\/v2\/product_tag?post=15951"}],"curies":[{"name":"wp","href":"https:\/\/api.w.org\/{rel}","templated":true}]}}