{"id":6361,"date":"2022-08-29T19:45:40","date_gmt":"2022-08-29T17:45:40","guid":{"rendered":"https:\/\/sadirjewelry.com\/?post_type=product&#038;p=6361"},"modified":"2026-03-28T12:33:38","modified_gmt":"2026-03-28T11:33:38","slug":"pierscionek-swirl","status":"publish","type":"product","link":"https:\/\/sadirjewelry.com\/en\/woolentor-template\/products\/pierscionek-swirl\/","title":{"rendered":"Pier\u015bcionek Swirl"},"content":{"rendered":"<p>Pier\u015bcionek SWIRL to smuk\u0142a obr\u0105czka zdobiona w drobne ro\u015blinne zawijasy ozdobiona ma\u0142ym kamykiem.<\/p>\n<p>Wykonany w ca\u0142o\u015bci ze srebra pr\u00f3by 0,925 i 0,999.<\/p>\n<p>Jest to cz\u0119\u015b\u0107 ro\u015blinnej kolekcji \ua565 Ogrodowy Wiecz\u00f3r \ua565, gdzie znajdziesz \u015bliczne kwiatowo-li\u015bciaste wzornictwo.<\/p>\n<p>Obecnie dost\u0119pny:<\/p>\n<p>Zielony Swirl &#8211; z pasiastym zielonym turmalinem (fot 1)<\/p>\n<p>&nbsp;<\/p>\n<p>\u2726 Przy bardzo du\u017cych rozmiarach dodaj\u0119 g\u0142adk\u0105 szyn\u0119 jako przed\u0142u\u017ck\u0119<\/p>\n<p>\u2726 W uwagach zam\u00f3wienia napisz sw\u00f3j rozmiar wd podanej na stronie rozmiar\u00f3wki<\/p>\n<p>\u2726 Czas oczekiwania- 5 dni roboczych<\/p>\n<p>&nbsp;<\/p>\n<p>&nbsp;<\/p>\n<p>&nbsp;<\/p>","protected":false},"excerpt":{"rendered":"<p>Pier\u015bcionek SWIRL to smuk\u0142a obr\u0105czka zdobiona w drobne ro\u015blinne motywy (zawijasy) ozdobiona ma\u0142ym kamykiem lub sierpem ksi\u0119\u017cyca. Ca\u0142o\u015b\u0107 to po\u0142\u0105czenie srebra pr\u00f3by 0,925 i 0,999.<\/p>\n<p>Obecnmie od r\u0119ki dost\u0119pny pier\u015bcionek z granatowym labradorytem (fot 1-3)- jest jeszcze niezakuty, tak\u017ce obw\u00f3dka nakamieniu nie jest dogi\u0119ta \ud83d\ude42<\/p>\n<p>&nbsp;<\/p>\n<p>\u2726Czas oczekiwania- 4 dni robocze<\/p>\n<p>\u2726Przy bardzo du\u017cych rozmiarach dodaj\u0119 g\u0142adk\u0105 szyn\u0119 jako przed\u0142u\u017ck\u0119.<\/p>\n<p>\u2726W uwagach zam\u00f3wienia napisz sw\u00f3j rozmiar wd podanej na stronie rozmiar\u00f3wki<\/p>","protected":false},"featured_media":15916,"template":"","meta":{"_acf_changed":false,"site-sidebar-layout":"no-sidebar","site-content-layout":"page-builder","ast-site-content-layout":"full-width-container","site-content-style":"unboxed","site-sidebar-style":"unboxed","ast-global-header-display":"","ast-banner-title-visibility":"","ast-main-header-display":"","ast-hfb-above-header-display":"","ast-hfb-below-header-display":"","ast-hfb-mobile-header-display":"","site-post-title":"disabled","ast-breadcrumbs-content":"","ast-featured-img":"disabled","footer-sml-layout":"","theme-transparent-header-meta":"default","adv-header-id-meta":"","stick-header-meta":"","header-above-stick-meta":"","header-main-stick-meta":"","header-below-stick-meta":"","astra-migrate-meta-layouts":"set","ast-page-background-enabled":"default","ast-page-background-meta":{"desktop":{"background-color":"","background-image":"","background-repeat":"repeat","background-position":"center center","background-size":"auto","background-attachment":"scroll","background-type":"","background-media":"","overlay-type":"","overlay-color":"","overlay-opacity":"","overlay-gradient":""},"tablet":{"background-color":"","background-image":"","background-repeat":"repeat","background-position":"center center","background-size":"auto","background-attachment":"scroll","background-type":"","background-media":"","overlay-type":"","overlay-color":"","overlay-opacity":"","overlay-gradient":""},"mobile":{"background-color":"","background-image":"","background-repeat":"repeat","background-position":"center center","background-size":"auto","background-attachment":"scroll","background-type":"","background-media":"","overlay-type":"","overlay-color":"","overlay-opacity":"","overlay-gradient":""}},"ast-content-background-meta":{"desktop":{"background-color":"var(--ast-global-color-5)","background-image":"","background-repeat":"repeat","background-position":"center center","background-size":"auto","background-attachment":"scroll","background-type":"","background-media":"","overlay-type":"","overlay-color":"","overlay-opacity":"","overlay-gradient":""},"tablet":{"background-color":"var(--ast-global-color-5)","background-image":"","background-repeat":"repeat","background-position":"center center","background-size":"auto","background-attachment":"scroll","background-type":"","background-media":"","overlay-type":"","overlay-color":"","overlay-opacity":"","overlay-gradient":""},"mobile":{"background-color":"var(--ast-global-color-5)","background-image":"","background-repeat":"repeat","background-position":"center center","background-size":"auto","background-attachment":"scroll","background-type":"","background-media":"","overlay-type":"","overlay-color":"","overlay-opacity":"","overlay-gradient":""}}},"product_brand":[],"product_cat":[62,155],"product_tag":[],"class_list":{"0":"post-6361","1":"product","2":"type-product","3":"status-publish","4":"has-post-thumbnail","6":"product_cat-pierscionki","7":"product_cat-ogrodowy-wieczor","8":"desktop-align-center","9":"tablet-align-left","10":"mobile-align-left","12":"first","13":"outofstock","14":"sale","15":"shipping-taxable","16":"purchasable","17":"product-type-simple"},"acf":[],"jetpack_sharing_enabled":true,"_links":{"self":[{"href":"https:\/\/sadirjewelry.com\/en\/wp-json\/wp\/v2\/product\/6361","targetHints":{"allow":["GET"]}}],"collection":[{"href":"https:\/\/sadirjewelry.com\/en\/wp-json\/wp\/v2\/product"}],"about":[{"href":"https:\/\/sadirjewelry.com\/en\/wp-json\/wp\/v2\/types\/product"}],"version-history":[{"count":36,"href":"https:\/\/sadirjewelry.com\/en\/wp-json\/wp\/v2\/product\/6361\/revisions"}],"predecessor-version":[{"id":15930,"href":"https:\/\/sadirjewelry.com\/en\/wp-json\/wp\/v2\/product\/6361\/revisions\/15930"}],"wp:featuredmedia":[{"embeddable":true,"href":"https:\/\/sadirjewelry.com\/en\/wp-json\/wp\/v2\/media\/15916"}],"wp:attachment":[{"href":"https:\/\/sadirjewelry.com\/en\/wp-json\/wp\/v2\/media?parent=6361"}],"wp:term":[{"taxonomy":"product_brand","embeddable":true,"href":"https:\/\/sadirjewelry.com\/en\/wp-json\/wp\/v2\/product_brand?post=6361"},{"taxonomy":"product_cat","embeddable":true,"href":"https:\/\/sadirjewelry.com\/en\/wp-json\/wp\/v2\/product_cat?post=6361"},{"taxonomy":"product_tag","embeddable":true,"href":"https:\/\/sadirjewelry.com\/en\/wp-json\/wp\/v2\/product_tag?post=6361"}],"curies":[{"name":"wp","href":"https:\/\/api.w.org\/{rel}","templated":true}]}}